{"id":41,"date":"2016-11-21T18:21:19","date_gmt":"2016-11-21T17:21:19","guid":{"rendered":"http:\/\/wp.adam-research.de\/?page_id=41"},"modified":"2019-07-08T16:22:32","modified_gmt":"2019-07-08T14:22:32","slug":"fallstudien-en","status":"publish","type":"page","link":"https:\/\/www.adam-research.de\/es\/dokumente\/fallstudien-en\/","title":{"rendered":"(Deutsch) Fallstudien (EN)"},"content":{"rendered":"<p class=\"qtranxs-available-languages-message qtranxs-available-languages-message-es\">Disculpa, pero esta entrada est\u00e1 disponible s\u00f3lo en <a href=\"https:\/\/www.adam-research.de\/de\/wp-json\/wp\/v2\/pages\/41\" class=\"qtranxs-available-language-link qtranxs-available-language-link-de\" title=\"Deutsch\">Alem\u00e1n<\/a>, <a href=\"https:\/\/www.adam-research.de\/en\/wp-json\/wp\/v2\/pages\/41\" class=\"qtranxs-available-language-link qtranxs-available-language-link-en\" title=\"English\">Ingl\u00e9s Estadounidense<\/a> y <a href=\"https:\/\/www.adam-research.de\/fr\/wp-json\/wp\/v2\/pages\/41\" class=\"qtranxs-available-language-link qtranxs-available-language-link-fr\" title=\"Fran\u00e7ais\">Franc\u00e9s<\/a>.<\/p>","protected":false},"excerpt":{"rendered":"<p>Disculpa, pero esta entrada est\u00e1 disponible s\u00f3lo en Alem\u00e1n, Ingl\u00e9s Estadounidense y Franc\u00e9s.<\/p>\n","protected":false},"author":1,"featured_media":0,"parent":36,"menu_order":0,"comment_status":"closed","ping_status":"closed","template":"","meta":[],"yoast_head":"<!-- This site is optimized with the Yoast SEO plugin v20.1 - https:\/\/yoast.com\/wordpress\/plugins\/seo\/ -->\n<title><\/title>\n<meta name=\"robots\" content=\"index, follow, max-snippet:-1, max-image-preview:large, max-video-preview:-1\" \/>\n<link rel=\"canonical\" href=\"https:\/\/www.adam-research.de\/dokumente\/fallstudien-en\/\" \/>\n<meta property=\"og:locale\" content=\"es_ES\" \/>\n<meta property=\"og:type\" content=\"article\" \/>\n<meta property=\"og:title\" content=\"[:de]Fallstudien (EN)[:en]Case Studies [:fr]\u00e9tudes de cas (EN)[:] - ADAM Research\" \/>\n<meta property=\"og:description\" content=\"Disculpa, pero esta entrada est\u00e1 disponible s\u00f3lo en Alem\u00e1n, Ingl\u00e9s Estadounidense y Franc\u00e9s.\" \/>\n<meta property=\"og:url\" content=\"https:\/\/www.adam-research.de\/dokumente\/fallstudien-en\/\" \/>\n<meta property=\"og:site_name\" content=\"ADAM Research\" \/>\n<meta property=\"article:modified_time\" content=\"2019-07-08T14:22:32+00:00\" \/>\n<meta name=\"twitter:card\" content=\"summary_large_image\" \/>\n<meta name=\"twitter:label1\" content=\"Tiempo de lectura\" \/>\n\t<meta name=\"twitter:data1\" content=\"1 minuto\" \/>\n<script type=\"application\/ld+json\" class=\"yoast-schema-graph\">{\"@context\":\"https:\/\/schema.org\",\"@graph\":[{\"@type\":\"WebPage\",\"@id\":\"https:\/\/www.adam-research.de\/dokumente\/fallstudien-en\/\",\"url\":\"https:\/\/www.adam-research.de\/dokumente\/fallstudien-en\/\",\"name\":\"[:de]Fallstudien (EN)[:en]Case Studies [:fr]\u00e9tudes de cas (EN)[:] - ADAM Research\",\"isPartOf\":{\"@id\":\"https:\/\/www.adam-research.de\/#website\"},\"datePublished\":\"2016-11-21T17:21:19+00:00\",\"dateModified\":\"2019-07-08T14:22:32+00:00\",\"breadcrumb\":{\"@id\":\"https:\/\/www.adam-research.de\/dokumente\/fallstudien-en\/#breadcrumb\"},\"inLanguage\":\"es\",\"potentialAction\":[{\"@type\":\"ReadAction\",\"target\":[\"https:\/\/www.adam-research.de\/dokumente\/fallstudien-en\/\"]}]},{\"@type\":\"BreadcrumbList\",\"@id\":\"https:\/\/www.adam-research.de\/dokumente\/fallstudien-en\/#breadcrumb\",\"itemListElement\":[{\"@type\":\"ListItem\",\"position\":1,\"name\":\"Startseite\",\"item\":\"https:\/\/www.adam-research.de\/\"},{\"@type\":\"ListItem\",\"position\":2,\"name\":\"Dokumente\",\"item\":\"https:\/\/www.adam-research.de\/dokumente\/\"},{\"@type\":\"ListItem\",\"position\":3,\"name\":\"Fallstudien (EN)\"}]},{\"@type\":\"WebSite\",\"@id\":\"https:\/\/www.adam-research.de\/#website\",\"url\":\"https:\/\/www.adam-research.de\/\",\"name\":\"ADAM Research\",\"description\":\"Thermal Risk Management in Electronics\",\"potentialAction\":[{\"@type\":\"SearchAction\",\"target\":{\"@type\":\"EntryPoint\",\"urlTemplate\":\"https:\/\/www.adam-research.de\/?s={search_term_string}\"},\"query-input\":\"required name=search_term_string\"}],\"inLanguage\":\"es\"}]}<\/script>\n<!-- \/ Yoast SEO plugin. -->","yoast_head_json":{"title":"[:de]Fallstudien (EN)[:en]Case Studies [:fr]\u00e9tudes de cas (EN)[:] - ADAM Research","robots":{"index":"index","follow":"follow","max-snippet":"max-snippet:-1","max-image-preview":"max-image-preview:large","max-video-preview":"max-video-preview:-1"},"canonical":"https:\/\/www.adam-research.de\/dokumente\/fallstudien-en\/","og_locale":"es_ES","og_type":"article","og_title":"[:de]Fallstudien (EN)[:en]Case Studies [:fr]\u00e9tudes de cas (EN)[:] - ADAM Research","og_description":"Disculpa, pero esta entrada est\u00e1 disponible s\u00f3lo en Alem\u00e1n, Ingl\u00e9s Estadounidense y Franc\u00e9s.","og_url":"https:\/\/www.adam-research.de\/dokumente\/fallstudien-en\/","og_site_name":"ADAM Research","article_modified_time":"2019-07-08T14:22:32+00:00","twitter_card":"summary_large_image","twitter_misc":{"Tiempo de lectura":"1 minuto"},"schema":{"@context":"https:\/\/schema.org","@graph":[{"@type":"WebPage","@id":"https:\/\/www.adam-research.de\/dokumente\/fallstudien-en\/","url":"https:\/\/www.adam-research.de\/dokumente\/fallstudien-en\/","name":"[:de]Fallstudien (EN)[:en]Case Studies [:fr]\u00e9tudes de cas (EN)[:] - ADAM Research","isPartOf":{"@id":"https:\/\/www.adam-research.de\/#website"},"datePublished":"2016-11-21T17:21:19+00:00","dateModified":"2019-07-08T14:22:32+00:00","breadcrumb":{"@id":"https:\/\/www.adam-research.de\/dokumente\/fallstudien-en\/#breadcrumb"},"inLanguage":"es","potentialAction":[{"@type":"ReadAction","target":["https:\/\/www.adam-research.de\/dokumente\/fallstudien-en\/"]}]},{"@type":"BreadcrumbList","@id":"https:\/\/www.adam-research.de\/dokumente\/fallstudien-en\/#breadcrumb","itemListElement":[{"@type":"ListItem","position":1,"name":"Startseite","item":"https:\/\/www.adam-research.de\/"},{"@type":"ListItem","position":2,"name":"Dokumente","item":"https:\/\/www.adam-research.de\/dokumente\/"},{"@type":"ListItem","position":3,"name":"Fallstudien (EN)"}]},{"@type":"WebSite","@id":"https:\/\/www.adam-research.de\/#website","url":"https:\/\/www.adam-research.de\/","name":"ADAM Research","description":"Thermal Risk Management in Electronics","potentialAction":[{"@type":"SearchAction","target":{"@type":"EntryPoint","urlTemplate":"https:\/\/www.adam-research.de\/?s={search_term_string}"},"query-input":"required name=search_term_string"}],"inLanguage":"es"}]}},"_links":{"self":[{"href":"https:\/\/www.adam-research.de\/es\/wp-json\/wp\/v2\/pages\/41"}],"collection":[{"href":"https:\/\/www.adam-research.de\/es\/wp-json\/wp\/v2\/pages"}],"about":[{"href":"https:\/\/www.adam-research.de\/es\/wp-json\/wp\/v2\/types\/page"}],"author":[{"embeddable":true,"href":"https:\/\/www.adam-research.de\/es\/wp-json\/wp\/v2\/users\/1"}],"replies":[{"embeddable":true,"href":"https:\/\/www.adam-research.de\/es\/wp-json\/wp\/v2\/comments?post=41"}],"version-history":[{"count":32,"href":"https:\/\/www.adam-research.de\/es\/wp-json\/wp\/v2\/pages\/41\/revisions"}],"predecessor-version":[{"id":1202,"href":"https:\/\/www.adam-research.de\/es\/wp-json\/wp\/v2\/pages\/41\/revisions\/1202"}],"up":[{"embeddable":true,"href":"https:\/\/www.adam-research.de\/es\/wp-json\/wp\/v2\/pages\/36"}],"wp:attachment":[{"href":"https:\/\/www.adam-research.de\/es\/wp-json\/wp\/v2\/media?parent=41"}],"curies":[{"name":"wp","href":"https:\/\/api.w.org\/{rel}","templated":true}]}}