{"id":114,"date":"2016-11-28T08:19:48","date_gmt":"2016-11-28T07:19:48","guid":{"rendered":"http:\/\/wp.adam-research.de\/?page_id=114"},"modified":"2025-12-07T11:11:27","modified_gmt":"2025-12-07T10:11:27","slug":"trm-is-all-about-temperature-of-your-pcb","status":"publish","type":"page","link":"https:\/\/www.adam-research.de\/fr\/","title":{"rendered":"Calcule avec TRM3.  Tout pour la temp\u00e9rature de votre circuit imprim\u00e9"},"content":{"rendered":"<p><img decoding=\"async\" loading=\"lazy\" class=\"aligncenter size-full wp-image-1543\" src=\"https:\/\/www.adam-research.de\/wp-content\/uploads\/2020\/08\/2020-08-05-09_50_29-BannerV3.3_EN.png\" alt=\"\" width=\"856\" height=\"339\" srcset=\"https:\/\/www.adam-research.de\/wp-content\/uploads\/2020\/08\/2020-08-05-09_50_29-BannerV3.3_EN.png 856w, https:\/\/www.adam-research.de\/wp-content\/uploads\/2020\/08\/2020-08-05-09_50_29-BannerV3.3_EN-300x119.png 300w, https:\/\/www.adam-research.de\/wp-content\/uploads\/2020\/08\/2020-08-05-09_50_29-BannerV3.3_EN-768x304.png 768w\" sizes=\"(max-width: 856px) 100vw, 856px\" \/><\/p>\n<p><span style=\"color: #1467ba;\"><strong>Les composants et les courants font chauffer le PCB, quelle temp\u00e9rature obtenir, cette temp\u00e9rature est-elle conforme ?<\/strong><\/span><br \/>\nAucune Data Sheet pourra vous le dire, cependant notre logiciel <span style=\"color: #1467ba;\"><strong>TRM<\/strong><\/span> peut vous le d\u00e9montrer . <span style=\"color: #1467ba;\"><strong>TRM<\/strong><\/span> est un logiciel parfait pour l\u2019analyse thermique et \u00e9lectrique des circuits imprim\u00e9s.Importez vos donn\u00e9es Gerber, d'assemblage et de per\u00e7age vers <strong><span style=\"color: #1467ba;\">TRM<\/span><\/strong> et calculez les risques thermiques de votre PCB avant la fabrication.<\/p>\n<p><em><a href=\"https:\/\/www.youtube.com\/watch?v=Org3izzyNvA\" target=\"_blank\" rel=\"noopener\">TRM d'ADAM Research (pr\u00e9sentation courte) (Video)<\/a><\/em><\/p>\n<p>Plusieurs utilisateurs ont opt\u00e9 pour TRM parce qu'elle est plus simple, plus flexible et plus rentable que Hyperlynx, ANSYS ou Keysight pour le domaine d'application mentionn\u00e9. Demandez une\u00a0 <span style=\"color: #0000ff;\"><a style=\"color: #0000ff;\" href=\"https:\/\/www.adam-research.de\/ueber-uns\/kontakt\/\" target=\"_blank\" rel=\"noopener\">p\u00e9riode d'essai<\/a><\/span><\/p>\n<p style=\"text-align: center;\"><a href=\"https:\/\/www.adam-research.de\/wp-content\/uploads\/2025\/11\/TRM3_brochure.pdf\" target=\"_blank\" rel=\"noopener noreferrer\">TRM3_Brochure<\/a><\/p>\n<p style=\"text-align: center;\"><a href=\"https:\/\/www.youtube.com\/@adamresearch-thermalriskma7955\" target=\"_blank\" rel=\"noopener\">ADAM Research YouTube <\/a><\/p>\n<p style=\"text-align: center;\"><a href=\"http:\/\/www.linkedin.com\/in\/dr-johannes-adam-ab4991123\" target=\"_blank\" rel=\"noopener\">LinkedIn<\/a><\/p>\n<p>Connectez-vous au <a href=\"https:\/\/forum.adam-research.com\" target=\"_blank\" rel=\"noopener noreferrer\">TRM Forum<\/a><\/p>\n<p>Notre logiciel TRM offre une combinaison unique comme :<\/p>\n<ul>\n<li style=\"list-style-type: none;\"><\/li>\n<li>Les thermogrammes virtuels de toutes les couches et pr\u00e9impr\u00e9gn\u00e9s en haute r\u00e9solution<\/li>\n<li>Surchauffage sur les traces et dans les composants<\/li>\n<li>Chute de tension continue, distribution et r\u00e9troaction du courant \u00e0 travers la temp\u00e9rature<\/li>\n<li>Stationnaire ou transitoire<\/li>\n<li>Donn\u00e9es de mat\u00e9riau d\u00e9pendantes de la temp\u00e9rature<\/li>\n<li>Conditions ambiantes du refroidissement de l'air au vide<\/li>\n<li>Pr\u00e9cision due \u00e0 la physique et \u00e0 la g\u00e9om\u00e9trie<\/li>\n<li>Utilisation universelle avec tous les programmes de CAO (Mentor, KiCAD, etc.).<\/li>\n<li>Script d'exportation et assistant d'importation pour <span style=\"color: #ff0000;\"><strong>Altium<\/strong><\/span>. Param\u00e8tres dans et hors de la conception et du sch\u00e9ma<b>:<\/b><i><i><a class=\"spezlink\" href=\"https:\/\/www.adam-research.de\/videos\/TRM_Altium_demo_EN.mp4\" target=\"_blank\" rel=\"noopener noreferrer\">TRM3 with Wizard interface to Altium Designer (Video).<\/a><\/i><\/i><\/li>\n<li>Script d'exportation et assistant d'importation pour Cadence <span style=\"color: #ff0000;\"><strong>Allegro\/Orcad<\/strong><\/span><\/li>\n<li>Script d'exportation et assistant d'importation pour Autocad <span style=\"color: #ff0000;\"><strong>Eagle\/Fusion360<\/strong><\/span><\/li>\n<li>Script d'exportation et assistant d'importation pour ZUKEN <span style=\"color: #ff0000;\"><strong>e-CADSTAR <\/strong><\/span>et <span style=\"color: #ff0000;\"><strong>CR-8000.<\/strong> <\/span>Attributs dans et hors de la conception et du sch\u00e9ma<\/li>\n<li>Script d'exportation et assistant d'importation pour <span style=\"color: #ff0000;\"><strong>Pulsonix<\/strong><\/span>. Attributs dans et hors de la conception et du sch\u00e9ma<\/li>\n<li><strong><a href=\"https:\/\/www.adam-research.de\/en\/\">Plus d'informations<\/a><\/strong> sur la page en anglais.<\/li>\n<\/ul>\n<p>Les domaines d'application sont entre autres...: LED - Automobile - Electronique de puissance - Mobilit\u00e9 Electrique - M\u00e9catronique - Avionique - A\u00e9ronautique - Cartes-m\u00e8res - Convertisseurs<\/p>\n<p>&nbsp;<\/p>","protected":false},"excerpt":{"rendered":"<p>Les composants et les courants font chauffer le PCB, quelle temp\u00e9rature obtenir, cette temp\u00e9rature est-elle conforme ? Aucune Data Sheet pourra vous le dire, cependant notre logiciel TRM peut vous le d\u00e9montrer . TRM est un logiciel parfait pour l\u2019analyse thermique et \u00e9lectrique des circuits imprim\u00e9s.Importez vos donn\u00e9es Gerber, d'assemblage et de per\u00e7age vers TRM <a href=\"https:\/\/www.adam-research.de\/fr\/\" class=\"more-link\">...continue reading<span class=\"screen-reader-text\"> \"Calcule avec TRM3.  Tout pour la temp\u00e9rature de votre circuit imprim\u00e9\"<\/span><\/a><\/p>\n","protected":false},"author":1,"featured_media":372,"parent":0,"menu_order":0,"comment_status":"closed","ping_status":"closed","template":"","meta":[],"yoast_head":"<!-- This site is optimized with the Yoast SEO plugin v20.1 - https:\/\/yoast.com\/wordpress\/plugins\/seo\/ -->\n<title>ADAM Research \u2013 Thermal Risk Management in Electronics<\/title>\n<meta name=\"description\" content=\"Importieren Sie Ihre Gerber-, Best\u00fcckungs- und Bohrdaten nach TRM und berechnen Sie die thermischen Risiken Ihrer Leiterplatte schon vor dem Labortest\" \/>\n<meta name=\"robots\" content=\"index, follow, max-snippet:-1, max-image-preview:large, max-video-preview:-1\" \/>\n<link rel=\"canonical\" href=\"https:\/\/www.adam-research.de\/\" \/>\n<meta property=\"og:locale\" content=\"fr_FR\" \/>\n<meta property=\"og:type\" content=\"article\" \/>\n<meta property=\"og:title\" content=\"ADAM Research \u2013 Thermal Risk Management in Electronics\" \/>\n<meta property=\"og:description\" content=\"Importieren Sie Ihre Gerber-, Best\u00fcckungs- und Bohrdaten nach TRM und berechnen Sie die thermischen Risiken Ihrer Leiterplatte schon vor dem Labortest\" \/>\n<meta property=\"og:url\" content=\"https:\/\/www.adam-research.de\/\" \/>\n<meta property=\"og:site_name\" content=\"ADAM Research\" \/>\n<meta property=\"article:modified_time\" content=\"2025-12-07T10:11:27+00:00\" \/>\n<meta property=\"og:image\" content=\"https:\/\/www.adam-research.de\/wp-content\/uploads\/2016\/11\/Banner_smaller_3Xmas.jpg\" \/>\n\t<meta property=\"og:image:width\" content=\"910\" \/>\n\t<meta property=\"og:image:height\" content=\"288\" \/>\n\t<meta property=\"og:image:type\" content=\"image\/jpeg\" \/>\n<meta name=\"twitter:card\" content=\"summary_large_image\" \/>\n<meta name=\"twitter:label1\" content=\"Dur\u00e9e de lecture estim\u00e9e\" \/>\n\t<meta name=\"twitter:data1\" content=\"6 minutes\" \/>\n<script type=\"application\/ld+json\" class=\"yoast-schema-graph\">{\"@context\":\"https:\/\/schema.org\",\"@graph\":[{\"@type\":\"WebPage\",\"@id\":\"https:\/\/www.adam-research.de\/\",\"url\":\"https:\/\/www.adam-research.de\/\",\"name\":\"ADAM Research \u2013 Thermal Risk Management in Electronics\",\"isPartOf\":{\"@id\":\"https:\/\/www.adam-research.de\/#website\"},\"datePublished\":\"2016-11-28T07:19:48+00:00\",\"dateModified\":\"2025-12-07T10:11:27+00:00\",\"description\":\"Importieren Sie Ihre Gerber-, Best\u00fcckungs- und Bohrdaten nach TRM und berechnen Sie die thermischen Risiken Ihrer Leiterplatte schon vor dem Labortest\",\"breadcrumb\":{\"@id\":\"https:\/\/www.adam-research.de\/#breadcrumb\"},\"inLanguage\":\"fr-FR\",\"potentialAction\":[{\"@type\":\"ReadAction\",\"target\":[\"https:\/\/www.adam-research.de\/\"]}]},{\"@type\":\"BreadcrumbList\",\"@id\":\"https:\/\/www.adam-research.de\/#breadcrumb\",\"itemListElement\":[{\"@type\":\"ListItem\",\"position\":1,\"name\":\"Startseite\",\"item\":\"https:\/\/www.adam-research.de\/\"},{\"@type\":\"ListItem\",\"position\":2,\"name\":\"Berechne mit TRM3. Alles \u00fcber die Temperatur Ihrer Leiterplatte.\"}]},{\"@type\":\"WebSite\",\"@id\":\"https:\/\/www.adam-research.de\/#website\",\"url\":\"https:\/\/www.adam-research.de\/\",\"name\":\"ADAM Research\",\"description\":\"Thermal Risk Management in Electronics\",\"potentialAction\":[{\"@type\":\"SearchAction\",\"target\":{\"@type\":\"EntryPoint\",\"urlTemplate\":\"https:\/\/www.adam-research.de\/?s={search_term_string}\"},\"query-input\":\"required name=search_term_string\"}],\"inLanguage\":\"fr-FR\"}]}<\/script>\n<!-- \/ Yoast SEO plugin. -->","yoast_head_json":{"title":"ADAM Research \u2013 Thermal Risk Management in Electronics","description":"Importieren Sie Ihre Gerber-, Best\u00fcckungs- und Bohrdaten nach TRM und berechnen Sie die thermischen Risiken Ihrer Leiterplatte schon vor dem Labortest","robots":{"index":"index","follow":"follow","max-snippet":"max-snippet:-1","max-image-preview":"max-image-preview:large","max-video-preview":"max-video-preview:-1"},"canonical":"https:\/\/www.adam-research.de\/","og_locale":"fr_FR","og_type":"article","og_title":"ADAM Research \u2013 Thermal Risk Management in Electronics","og_description":"Importieren Sie Ihre Gerber-, Best\u00fcckungs- und Bohrdaten nach TRM und berechnen Sie die thermischen Risiken Ihrer Leiterplatte schon vor dem Labortest","og_url":"https:\/\/www.adam-research.de\/","og_site_name":"ADAM Research","article_modified_time":"2025-12-07T10:11:27+00:00","og_image":[{"width":910,"height":288,"url":"https:\/\/www.adam-research.de\/wp-content\/uploads\/2016\/11\/Banner_smaller_3Xmas.jpg","type":"image\/jpeg"}],"twitter_card":"summary_large_image","twitter_misc":{"Dur\u00e9e de lecture estim\u00e9e":"6 minutes"},"schema":{"@context":"https:\/\/schema.org","@graph":[{"@type":"WebPage","@id":"https:\/\/www.adam-research.de\/","url":"https:\/\/www.adam-research.de\/","name":"ADAM Research \u2013 Thermal Risk Management in Electronics","isPartOf":{"@id":"https:\/\/www.adam-research.de\/#website"},"datePublished":"2016-11-28T07:19:48+00:00","dateModified":"2025-12-07T10:11:27+00:00","description":"Importieren Sie Ihre Gerber-, Best\u00fcckungs- und Bohrdaten nach TRM und berechnen Sie die thermischen Risiken Ihrer Leiterplatte schon vor dem Labortest","breadcrumb":{"@id":"https:\/\/www.adam-research.de\/#breadcrumb"},"inLanguage":"fr-FR","potentialAction":[{"@type":"ReadAction","target":["https:\/\/www.adam-research.de\/"]}]},{"@type":"BreadcrumbList","@id":"https:\/\/www.adam-research.de\/#breadcrumb","itemListElement":[{"@type":"ListItem","position":1,"name":"Startseite","item":"https:\/\/www.adam-research.de\/"},{"@type":"ListItem","position":2,"name":"Berechne mit TRM3. Alles \u00fcber die Temperatur Ihrer Leiterplatte."}]},{"@type":"WebSite","@id":"https:\/\/www.adam-research.de\/#website","url":"https:\/\/www.adam-research.de\/","name":"ADAM Research","description":"Thermal Risk Management in Electronics","potentialAction":[{"@type":"SearchAction","target":{"@type":"EntryPoint","urlTemplate":"https:\/\/www.adam-research.de\/?s={search_term_string}"},"query-input":"required name=search_term_string"}],"inLanguage":"fr-FR"}]}},"_links":{"self":[{"href":"https:\/\/www.adam-research.de\/fr\/wp-json\/wp\/v2\/pages\/114"}],"collection":[{"href":"https:\/\/www.adam-research.de\/fr\/wp-json\/wp\/v2\/pages"}],"about":[{"href":"https:\/\/www.adam-research.de\/fr\/wp-json\/wp\/v2\/types\/page"}],"author":[{"embeddable":true,"href":"https:\/\/www.adam-research.de\/fr\/wp-json\/wp\/v2\/users\/1"}],"replies":[{"embeddable":true,"href":"https:\/\/www.adam-research.de\/fr\/wp-json\/wp\/v2\/comments?post=114"}],"version-history":[{"count":281,"href":"https:\/\/www.adam-research.de\/fr\/wp-json\/wp\/v2\/pages\/114\/revisions"}],"predecessor-version":[{"id":2331,"href":"https:\/\/www.adam-research.de\/fr\/wp-json\/wp\/v2\/pages\/114\/revisions\/2331"}],"wp:featuredmedia":[{"embeddable":true,"href":"https:\/\/www.adam-research.de\/fr\/wp-json\/wp\/v2\/media\/372"}],"wp:attachment":[{"href":"https:\/\/www.adam-research.de\/fr\/wp-json\/wp\/v2\/media?parent=114"}],"curies":[{"name":"wp","href":"https:\/\/api.w.org\/{rel}","templated":true}]}}