{"id":2,"date":"2016-06-23T10:38:47","date_gmt":"2016-06-23T08:38:47","guid":{"rendered":"http:\/\/http:\/\/wp.adam-research.de\/?page_id=2"},"modified":"2025-03-17T12:50:24","modified_gmt":"2025-03-17T11:50:24","slug":"software","status":"publish","type":"page","link":"https:\/\/www.adam-research.de\/fr\/software\/","title":{"rendered":"TRM"},"content":{"rendered":"<p><span style=\"color: #08678a;\"><strong>TRM<\/strong><\/span> est <strong>PDN<\/strong> (r\u00e9seau de distribution d'\u00e9nergie) <em>plus <\/em><strong>analyse thermique.<\/strong><\/p>\n<p><b>ADAM Research<\/b> offre <span style=\"color: #08678a;\"><b>TRM<\/b><\/span>, un outil de calcul de la classe sp\u00e9ciale. Le tra\u00e7age des conducteurs par courant (capacit\u00e9 de charge) et le chauffage des modules par composants peuvent \u00eatre pr\u00e9dits avec une pr\u00e9cision physique, mais sans ballast acad\u00e9mique. Sous la direction d'un assistant logiciel, l'outil est parfaitement adapt\u00e9 pour <em>toutes<\/em> <b>Layouter et d\u00e9veloppeur d'assemblage<\/b>. <\/p>\n<p><em>Aucune connaissance num\u00e9rique n'est requise et vous n'\u00eates pas li\u00e9 \u00e0 un syst\u00e8me CAE de prix \u00e9lev\u00e9.<\/em><\/p>\n<p><img decoding=\"async\" class=\"aligncenter\" src=\"https:\/\/www.adam-research.de\/img\/TRM_PCB_stackup.jpg\" alt=\"Options pour un mod\u00e8le PCB\" \/><\/p>\n<p>Le logiciel <span style=\"color: #08678a;\"><strong> TRM<\/strong><\/span> prend en principe en compte toutes les structures <b> multicouches, composants CMS, composants encastr\u00e9s, inlays, jeux de barres, barres omnibus, cuivre \u00e9pais, adh\u00e9sifs, labour\u00e9s, non planifi\u00e9s, blind\u00e9s<\/b> et <b>burried vias<\/b> tant qu'il s'agit d'une carte de circuit imprim\u00e9 rigide. Les dissipateurs de chaleur et les plaques froides peuvent \u00e9galement \u00eatre mont\u00e9s.<\/p>\n<p>Pour le calcul de la capacit\u00e9 de charge du courant ou la simulation de la temp\u00e9rature sont n\u00e9cessaires:<\/p>\n<ul>\n<li><b>Structure des couches<\/b><\/li>\n<li><b>mod\u00e8le de conducteur <\/b>des couches, par exemple au format Gerber, <\/li>\n<li><b>mod\u00e8le de conducteur <\/b>des couches, p. ex. au format Gerber <\/li>\n<li><b>mod\u00e8le de per\u00e7age <\/b>des trous plaqu\u00e9s et non plaqu\u00e9s, p. ex. au format Gerber ou Excellon, <\/li>\n<li><b>pins\/pads <\/b>o\u00f9 le courant est appliqu\u00e9 ou enlev\u00e9 et le courant <\/li>\n<li><b>composants <\/b>et leur dissipation de puissance, <\/li>\n<li><b>conditions ext\u00e9rieures <\/b>, par ex. convection libre ou ventilateur, vide, rayonnement mural.\n<\/ul>\n<p>Le reste fonctionne presque automatiquement en quelques minutes. Vous obtenez ainsi des thermogrammes <b>calcul\u00e9s<\/b> (r\u00e9solution x-y env. 100 \u00e0 300 mu) pour toutes les couches, un atlas <b> de la densit\u00e9 de courant <\/b>, le potentiel (donc aussi la chute de tension <\/b>) et les valeurs de mat\u00e9riau d\u00e9pendantes de la temp\u00e9rature. Vous verrez alors tr\u00e8s rapidement o\u00f9 il y a des goulots d'\u00e9tranglement o\u00f9 la densit\u00e9 de courant est \u00e9lev\u00e9e, mais la piste conductrice sert de puits de chaleur et o\u00f9 il y a des pi\u00e8ges \u00e0 chaleur o\u00f9 le courant et l'accumulation de chaleur pr\u00e9dominent. Avec <b>simulation des transitoires<\/b>, vous pouvez d\u00e9finir des thermocouples virtuels et enregistrer les courbes en T temporelles. Tant la dissipation de puissance que les courants peuvent \u00eatre puls\u00e9s.<\/p>\n<p>Les investigations men\u00e9es chez Robert Bosch GmbH et \u00e0 l'Universit\u00e9 technique de Dresde ont montr\u00e9 une correspondance entre le calcul et la mesure dans une fourchette de +- 10 %.<\/p>\n<p>Vous avez besoin de fonctionnalit\u00e9s qui ne sont pas encore disponibles? Travaillons ensemble et facilitons les choses!<\/p>\n<p>&nbsp;<\/p>\n<p>Traduit avec www.DeepL.com\/Translator<\/p>","protected":false},"excerpt":{"rendered":"<p>TRM est PDN (r\u00e9seau de distribution d'\u00e9nergie) plus analyse thermique. ADAM Research offre TRM, un outil de calcul de la classe sp\u00e9ciale. Le tra\u00e7age des conducteurs par courant (capacit\u00e9 de charge) et le chauffage des modules par composants peuvent \u00eatre pr\u00e9dits avec une pr\u00e9cision physique, mais sans ballast acad\u00e9mique. Sous la direction d'un assistant logiciel, <a href=\"https:\/\/www.adam-research.de\/fr\/software\/\" class=\"more-link\">...continue reading<span class=\"screen-reader-text\"> \"TRM\"<\/span><\/a><\/p>\n","protected":false},"author":1,"featured_media":0,"parent":0,"menu_order":1,"comment_status":"closed","ping_status":"open","template":"","meta":[],"yoast_head":"<!-- This site is optimized with the Yoast SEO plugin v20.1 - https:\/\/yoast.com\/wordpress\/plugins\/seo\/ -->\n<title>TRM - ADAM Research<\/title>\n<meta name=\"robots\" content=\"index, follow, max-snippet:-1, max-image-preview:large, max-video-preview:-1\" \/>\n<link rel=\"canonical\" href=\"https:\/\/www.adam-research.de\/software\/\" \/>\n<meta property=\"og:locale\" content=\"fr_FR\" \/>\n<meta property=\"og:type\" content=\"article\" \/>\n<meta property=\"og:title\" content=\"[:de]TRM [:en]TRM[:fr]TRM[:es]TRM[:] - ADAM Research\" \/>\n<meta property=\"og:description\" content=\"TRM est PDN (r\u00e9seau de distribution d&#039;\u00e9nergie) plus analyse thermique. ADAM Research offre TRM, un outil de calcul de la classe sp\u00e9ciale. Le tra\u00e7age des conducteurs par courant (capacit\u00e9 de charge) et le chauffage des modules par composants peuvent \u00eatre pr\u00e9dits avec une pr\u00e9cision physique, mais sans ballast acad\u00e9mique. Sous la direction d&#039;un assistant logiciel, ...continue reading &quot;TRM&quot;\" \/>\n<meta property=\"og:url\" content=\"https:\/\/www.adam-research.de\/software\/\" \/>\n<meta property=\"og:site_name\" content=\"ADAM Research\" \/>\n<meta property=\"article:modified_time\" content=\"2025-03-17T11:50:24+00:00\" \/>\n<meta property=\"og:image\" content=\"https:\/\/www.adam-research.de\/img\/TRM_PCB_stackup.jpg\" \/>\n<meta name=\"twitter:card\" content=\"summary_large_image\" \/>\n<meta name=\"twitter:label1\" content=\"Dur\u00e9e de lecture estim\u00e9e\" \/>\n\t<meta name=\"twitter:data1\" content=\"2 minutes\" \/>\n<script type=\"application\/ld+json\" class=\"yoast-schema-graph\">{\"@context\":\"https:\/\/schema.org\",\"@graph\":[{\"@type\":\"WebPage\",\"@id\":\"https:\/\/www.adam-research.de\/software\/\",\"url\":\"https:\/\/www.adam-research.de\/software\/\",\"name\":\"[:de]TRM [:en]TRM[:fr]TRM[:es]TRM[:] - ADAM Research\",\"isPartOf\":{\"@id\":\"https:\/\/www.adam-research.de\/#website\"},\"datePublished\":\"2016-06-23T08:38:47+00:00\",\"dateModified\":\"2025-03-17T11:50:24+00:00\",\"breadcrumb\":{\"@id\":\"https:\/\/www.adam-research.de\/software\/#breadcrumb\"},\"inLanguage\":\"fr-FR\",\"potentialAction\":[{\"@type\":\"ReadAction\",\"target\":[\"https:\/\/www.adam-research.de\/software\/\"]}]},{\"@type\":\"BreadcrumbList\",\"@id\":\"https:\/\/www.adam-research.de\/software\/#breadcrumb\",\"itemListElement\":[{\"@type\":\"ListItem\",\"position\":1,\"name\":\"Startseite\",\"item\":\"https:\/\/www.adam-research.de\/\"},{\"@type\":\"ListItem\",\"position\":2,\"name\":\"TRM\"}]},{\"@type\":\"WebSite\",\"@id\":\"https:\/\/www.adam-research.de\/#website\",\"url\":\"https:\/\/www.adam-research.de\/\",\"name\":\"ADAM Research\",\"description\":\"Thermal Risk Management in Electronics\",\"potentialAction\":[{\"@type\":\"SearchAction\",\"target\":{\"@type\":\"EntryPoint\",\"urlTemplate\":\"https:\/\/www.adam-research.de\/?s={search_term_string}\"},\"query-input\":\"required name=search_term_string\"}],\"inLanguage\":\"fr-FR\"}]}<\/script>\n<!-- \/ Yoast SEO plugin. -->","yoast_head_json":{"title":"[:de]TRM [:en]TRM[:fr]TRM[:es]TRM[:] - ADAM Research","robots":{"index":"index","follow":"follow","max-snippet":"max-snippet:-1","max-image-preview":"max-image-preview:large","max-video-preview":"max-video-preview:-1"},"canonical":"https:\/\/www.adam-research.de\/software\/","og_locale":"fr_FR","og_type":"article","og_title":"[:de]TRM [:en]TRM[:fr]TRM[:es]TRM[:] - ADAM Research","og_description":"TRM est PDN (r\u00e9seau de distribution d'\u00e9nergie) plus analyse thermique. ADAM Research offre TRM, un outil de calcul de la classe sp\u00e9ciale. Le tra\u00e7age des conducteurs par courant (capacit\u00e9 de charge) et le chauffage des modules par composants peuvent \u00eatre pr\u00e9dits avec une pr\u00e9cision physique, mais sans ballast acad\u00e9mique. Sous la direction d'un assistant logiciel, ...continue reading \"TRM\"","og_url":"https:\/\/www.adam-research.de\/software\/","og_site_name":"ADAM Research","article_modified_time":"2025-03-17T11:50:24+00:00","og_image":[{"url":"https:\/\/www.adam-research.de\/img\/TRM_PCB_stackup.jpg"}],"twitter_card":"summary_large_image","twitter_misc":{"Dur\u00e9e de lecture estim\u00e9e":"2 minutes"},"schema":{"@context":"https:\/\/schema.org","@graph":[{"@type":"WebPage","@id":"https:\/\/www.adam-research.de\/software\/","url":"https:\/\/www.adam-research.de\/software\/","name":"[:de]TRM [:en]TRM[:fr]TRM[:es]TRM[:] - ADAM Research","isPartOf":{"@id":"https:\/\/www.adam-research.de\/#website"},"datePublished":"2016-06-23T08:38:47+00:00","dateModified":"2025-03-17T11:50:24+00:00","breadcrumb":{"@id":"https:\/\/www.adam-research.de\/software\/#breadcrumb"},"inLanguage":"fr-FR","potentialAction":[{"@type":"ReadAction","target":["https:\/\/www.adam-research.de\/software\/"]}]},{"@type":"BreadcrumbList","@id":"https:\/\/www.adam-research.de\/software\/#breadcrumb","itemListElement":[{"@type":"ListItem","position":1,"name":"Startseite","item":"https:\/\/www.adam-research.de\/"},{"@type":"ListItem","position":2,"name":"TRM"}]},{"@type":"WebSite","@id":"https:\/\/www.adam-research.de\/#website","url":"https:\/\/www.adam-research.de\/","name":"ADAM Research","description":"Thermal Risk Management in Electronics","potentialAction":[{"@type":"SearchAction","target":{"@type":"EntryPoint","urlTemplate":"https:\/\/www.adam-research.de\/?s={search_term_string}"},"query-input":"required name=search_term_string"}],"inLanguage":"fr-FR"}]}},"_links":{"self":[{"href":"https:\/\/www.adam-research.de\/fr\/wp-json\/wp\/v2\/pages\/2"}],"collection":[{"href":"https:\/\/www.adam-research.de\/fr\/wp-json\/wp\/v2\/pages"}],"about":[{"href":"https:\/\/www.adam-research.de\/fr\/wp-json\/wp\/v2\/types\/page"}],"author":[{"embeddable":true,"href":"https:\/\/www.adam-research.de\/fr\/wp-json\/wp\/v2\/users\/1"}],"replies":[{"embeddable":true,"href":"https:\/\/www.adam-research.de\/fr\/wp-json\/wp\/v2\/comments?post=2"}],"version-history":[{"count":25,"href":"https:\/\/www.adam-research.de\/fr\/wp-json\/wp\/v2\/pages\/2\/revisions"}],"predecessor-version":[{"id":1610,"href":"https:\/\/www.adam-research.de\/fr\/wp-json\/wp\/v2\/pages\/2\/revisions\/1610"}],"wp:attachment":[{"href":"https:\/\/www.adam-research.de\/fr\/wp-json\/wp\/v2\/media?parent=2"}],"curies":[{"name":"wp","href":"https:\/\/api.w.org\/{rel}","templated":true}]}}