{"id":223,"date":"2016-12-03T16:21:46","date_gmt":"2016-12-03T15:21:46","guid":{"rendered":"http:\/\/wp.adam-research.de\/?page_id=223"},"modified":"2025-11-07T10:16:04","modified_gmt":"2025-11-07T09:16:04","slug":"cad-schnittstellen","status":"publish","type":"page","link":"https:\/\/www.adam-research.de\/fr\/software\/cad-schnittstellen\/","title":{"rendered":"Interfaces CAO"},"content":{"rendered":"<p class=\"qtranxs-available-languages-message qtranxs-available-languages-message-fr\">D\u00e9sol\u00e9, cet article est seulement disponible en <a href=\"https:\/\/www.adam-research.de\/de\/wp-json\/wp\/v2\/pages\/223\" class=\"qtranxs-available-language-link qtranxs-available-language-link-de\" title=\"Deutsch\">Allemand<\/a>, <a href=\"https:\/\/www.adam-research.de\/en\/wp-json\/wp\/v2\/pages\/223\" class=\"qtranxs-available-language-link qtranxs-available-language-link-en\" title=\"English\">Anglais Am\u00e9ricain<\/a> et <a href=\"https:\/\/www.adam-research.de\/es\/wp-json\/wp\/v2\/pages\/223\" class=\"qtranxs-available-language-link qtranxs-available-language-link-es\" title=\"Espa\u00f1ol\">Espagnol Europ\u00e9en<\/a>.<\/p>","protected":false},"excerpt":{"rendered":"<p>D\u00e9sol\u00e9, cet article est seulement disponible en Allemand, Anglais Am\u00e9ricain et Espagnol Europ\u00e9en.<\/p>\n","protected":false},"author":1,"featured_media":0,"parent":2,"menu_order":3,"comment_status":"closed","ping_status":"closed","template":"","meta":[],"yoast_head":"<!-- This site is optimized with the Yoast SEO plugin v20.1 - https:\/\/yoast.com\/wordpress\/plugins\/seo\/ -->\n<title>Interfaces CAO - ADAM Research<\/title>\n<meta name=\"robots\" content=\"index, follow, max-snippet:-1, max-image-preview:large, max-video-preview:-1\" \/>\n<link rel=\"canonical\" href=\"https:\/\/www.adam-research.de\/software\/cad-schnittstellen\/\" \/>\n<meta property=\"og:locale\" content=\"fr_FR\" \/>\n<meta property=\"og:type\" content=\"article\" \/>\n<meta property=\"og:title\" content=\"[:de]CAD Schnittstellen[:en]CAD Interfaces[:fr]Interfaces CAO[:es]Interfaces CAD[:] - ADAM Research\" \/>\n<meta property=\"og:description\" content=\"D\u00e9sol\u00e9, cet article est seulement disponible en Allemand, Anglais Am\u00e9ricain et Espagnol Europ\u00e9en.\" \/>\n<meta property=\"og:url\" content=\"https:\/\/www.adam-research.de\/software\/cad-schnittstellen\/\" \/>\n<meta property=\"og:site_name\" content=\"ADAM Research\" \/>\n<meta property=\"article:modified_time\" content=\"2025-11-07T09:16:04+00:00\" \/>\n<meta name=\"twitter:card\" content=\"summary_large_image\" \/>\n<meta name=\"twitter:label1\" content=\"Dur\u00e9e de lecture estim\u00e9e\" \/>\n\t<meta name=\"twitter:data1\" content=\"1 minute\" \/>\n<script type=\"application\/ld+json\" class=\"yoast-schema-graph\">{\"@context\":\"https:\/\/schema.org\",\"@graph\":[{\"@type\":\"WebPage\",\"@id\":\"https:\/\/www.adam-research.de\/software\/cad-schnittstellen\/\",\"url\":\"https:\/\/www.adam-research.de\/software\/cad-schnittstellen\/\",\"name\":\"[:de]CAD Schnittstellen[:en]CAD Interfaces[:fr]Interfaces CAO[:es]Interfaces CAD[:] - ADAM Research\",\"isPartOf\":{\"@id\":\"https:\/\/www.adam-research.de\/#website\"},\"datePublished\":\"2016-12-03T15:21:46+00:00\",\"dateModified\":\"2025-11-07T09:16:04+00:00\",\"breadcrumb\":{\"@id\":\"https:\/\/www.adam-research.de\/software\/cad-schnittstellen\/#breadcrumb\"},\"inLanguage\":\"fr-FR\",\"potentialAction\":[{\"@type\":\"ReadAction\",\"target\":[\"https:\/\/www.adam-research.de\/software\/cad-schnittstellen\/\"]}]},{\"@type\":\"BreadcrumbList\",\"@id\":\"https:\/\/www.adam-research.de\/software\/cad-schnittstellen\/#breadcrumb\",\"itemListElement\":[{\"@type\":\"ListItem\",\"position\":1,\"name\":\"Startseite\",\"item\":\"https:\/\/www.adam-research.de\/\"},{\"@type\":\"ListItem\",\"position\":2,\"name\":\"TRM\",\"item\":\"https:\/\/www.adam-research.de\/software\/\"},{\"@type\":\"ListItem\",\"position\":3,\"name\":\"CAD Schnittstellen\"}]},{\"@type\":\"WebSite\",\"@id\":\"https:\/\/www.adam-research.de\/#website\",\"url\":\"https:\/\/www.adam-research.de\/\",\"name\":\"ADAM Research\",\"description\":\"Thermal Risk Management in Electronics\",\"potentialAction\":[{\"@type\":\"SearchAction\",\"target\":{\"@type\":\"EntryPoint\",\"urlTemplate\":\"https:\/\/www.adam-research.de\/?s={search_term_string}\"},\"query-input\":\"required name=search_term_string\"}],\"inLanguage\":\"fr-FR\"}]}<\/script>\n<!-- \/ Yoast SEO plugin. -->","yoast_head_json":{"title":"[:de]CAD Schnittstellen[:en]CAD Interfaces[:fr]Interfaces CAO[:es]Interfaces CAD[:] - ADAM Research","robots":{"index":"index","follow":"follow","max-snippet":"max-snippet:-1","max-image-preview":"max-image-preview:large","max-video-preview":"max-video-preview:-1"},"canonical":"https:\/\/www.adam-research.de\/software\/cad-schnittstellen\/","og_locale":"fr_FR","og_type":"article","og_title":"[:de]CAD Schnittstellen[:en]CAD Interfaces[:fr]Interfaces CAO[:es]Interfaces CAD[:] - ADAM Research","og_description":"D\u00e9sol\u00e9, cet article est seulement disponible en Allemand, Anglais Am\u00e9ricain et Espagnol Europ\u00e9en.","og_url":"https:\/\/www.adam-research.de\/software\/cad-schnittstellen\/","og_site_name":"ADAM Research","article_modified_time":"2025-11-07T09:16:04+00:00","twitter_card":"summary_large_image","twitter_misc":{"Dur\u00e9e de lecture estim\u00e9e":"1 minute"},"schema":{"@context":"https:\/\/schema.org","@graph":[{"@type":"WebPage","@id":"https:\/\/www.adam-research.de\/software\/cad-schnittstellen\/","url":"https:\/\/www.adam-research.de\/software\/cad-schnittstellen\/","name":"[:de]CAD Schnittstellen[:en]CAD Interfaces[:fr]Interfaces CAO[:es]Interfaces CAD[:] - ADAM Research","isPartOf":{"@id":"https:\/\/www.adam-research.de\/#website"},"datePublished":"2016-12-03T15:21:46+00:00","dateModified":"2025-11-07T09:16:04+00:00","breadcrumb":{"@id":"https:\/\/www.adam-research.de\/software\/cad-schnittstellen\/#breadcrumb"},"inLanguage":"fr-FR","potentialAction":[{"@type":"ReadAction","target":["https:\/\/www.adam-research.de\/software\/cad-schnittstellen\/"]}]},{"@type":"BreadcrumbList","@id":"https:\/\/www.adam-research.de\/software\/cad-schnittstellen\/#breadcrumb","itemListElement":[{"@type":"ListItem","position":1,"name":"Startseite","item":"https:\/\/www.adam-research.de\/"},{"@type":"ListItem","position":2,"name":"TRM","item":"https:\/\/www.adam-research.de\/software\/"},{"@type":"ListItem","position":3,"name":"CAD Schnittstellen"}]},{"@type":"WebSite","@id":"https:\/\/www.adam-research.de\/#website","url":"https:\/\/www.adam-research.de\/","name":"ADAM Research","description":"Thermal Risk Management in Electronics","potentialAction":[{"@type":"SearchAction","target":{"@type":"EntryPoint","urlTemplate":"https:\/\/www.adam-research.de\/?s={search_term_string}"},"query-input":"required name=search_term_string"}],"inLanguage":"fr-FR"}]}},"_links":{"self":[{"href":"https:\/\/www.adam-research.de\/fr\/wp-json\/wp\/v2\/pages\/223"}],"collection":[{"href":"https:\/\/www.adam-research.de\/fr\/wp-json\/wp\/v2\/pages"}],"about":[{"href":"https:\/\/www.adam-research.de\/fr\/wp-json\/wp\/v2\/types\/page"}],"author":[{"embeddable":true,"href":"https:\/\/www.adam-research.de\/fr\/wp-json\/wp\/v2\/users\/1"}],"replies":[{"embeddable":true,"href":"https:\/\/www.adam-research.de\/fr\/wp-json\/wp\/v2\/comments?post=223"}],"version-history":[{"count":48,"href":"https:\/\/www.adam-research.de\/fr\/wp-json\/wp\/v2\/pages\/223\/revisions"}],"predecessor-version":[{"id":2256,"href":"https:\/\/www.adam-research.de\/fr\/wp-json\/wp\/v2\/pages\/223\/revisions\/2256"}],"up":[{"embeddable":true,"href":"https:\/\/www.adam-research.de\/fr\/wp-json\/wp\/v2\/pages\/2"}],"wp:attachment":[{"href":"https:\/\/www.adam-research.de\/fr\/wp-json\/wp\/v2\/media?parent=223"}],"curies":[{"name":"wp","href":"https:\/\/api.w.org\/{rel}","templated":true}]}}