{"id":32,"date":"2016-11-21T16:14:51","date_gmt":"2016-11-21T15:14:51","guid":{"rendered":"http:\/\/wp.adam-research.de\/?page_id=32"},"modified":"2025-09-29T15:09:23","modified_gmt":"2025-09-29T13:09:23","slug":"strombelastbarkeit","status":"publish","type":"page","link":"https:\/\/www.adam-research.de\/fr\/strombelastbarkeit\/","title":{"rendered":"Courant"},"content":{"rendered":"<p>N'importe qui peut surdimensionner les traces de courant. Tout ce que vous avez \u00e0 faire, c'est de poser des feuilles de cuivre larges et \u00e9paisses et d'appliquer les tableaux <strong>IPC-2221<\/strong> ou <strong>IPC-2152<\/strong> pour une esp\u00e9rance de temp\u00e9rature \u00e9lev\u00e9e (cf. <a href=\"https:\/\/www.adam-research.de\/pdfs\/TRM_WhitePaper2_TraceTemperature.pdf\" target=\"_blank\" rel=\"noopener noreferrer\"> White Paper Nr.2<\/a>). L'art est de consommer la juste quantit\u00e9 de cuivre dans ce lieu pr\u00e9cieux. Vous b\u00e9n\u00e9ficiez des co\u00fbts de production de circuits imprim\u00e9s et des co\u00fbts de fabrication de composants, c'est-\u00e0-dire de soudure. Pour plus d'informations et r\u00e9f\u00e9rences sur ce sujet, voir aussi <a href=\"https:\/\/adam-research.de\/index.php?seite=dokumente\" target=\"_blank\" rel=\"noopener noreferrer\">Documents <\/a> ou <i><a href=\"https:\/\/www.multi-circuit-boards.eu\/en\/pcb-design-aid\/surface\/conductor-ampacity.html\" target=\"_blank\" rel=\"noopener noreferrer\"> DIN IEC 326<\/a> <\/i> ou <i><a href=\"http:\/\/www.thermalman.com\/\" target=\"_blank\" rel=\"noopener noreferrer\">IPC 2152<\/a><br \/>\n<\/i><\/p>\n<p><strong>L'\u00e9lectricit\u00e9 produit de la chaleur...<\/strong><br \/>\nCeci est fourni par la simulation 3D avec TRM. Les images suivantes montrent que m\u00eame la trace la plus simple peut prendre en compte des temp\u00e9ratures diff\u00e9rentes selon la structure du calque avec le m\u00eame courant. L'ancien IPC-2221 utilise une plaque \u00e0 2 plis avec laminage cuivre sur le fond, dans le nouveau IPC-2152 il n' y a qu'un seul pli.<\/p>\n<p><strong>... mais \u00e0 quel point est-il chaud?<\/strong><br \/>\nCeci est fourni par la simulation 3D avec TRM. Les images suivantes montrent que m\u00eame la trace la plus simple peut prendre en compte des temp\u00e9ratures diff\u00e9rentes selon la structure du calque avec le m\u00eame courant. L'ancien <strong>IPC-2221<\/strong> utilise une plaque \u00e0 2 plis avec laminage cuivre sur le fond, dans le nouveau <strong>IPC-2152<\/strong> il n' y a qu'un seul pli.<\/p>\n<div id=\"Bilder\"><img decoding=\"async\" src=\"https:\/\/adam-research.de\/img\/TRM_IPC-2221.jpg\" alt=\"TRM IPC-2221\" \/><\/div>\n<p>En haut \u00e0 gauche: une trace sur un circuit imprim\u00e9 monocouche, en bas \u00e0 gauche: autour de la piste est inond\u00e9 de cuivre en haut. En haut \u00e0 droite: un rail lamin\u00e9 cuivre en bas, en bas \u00e0 droite: inond\u00e9 en haut.<\/p>\n<div>Chaque structure a sa propre temp\u00e9rature au m\u00eame courant. TRM peut \u00e9galement lire et calculer des courants d\u00e9pendants du temps. Et bien s\u00fbr, il prend \u00e9galement en compte la structure des couches et les diagrammes conducteurs des couches.<\/div>\n<div><\/div>\n<p>Traduit avec www.DeepL.com\/Translator<\/p>","protected":false},"excerpt":{"rendered":"<p>N'importe qui peut surdimensionner les traces de courant. Tout ce que vous avez \u00e0 faire, c'est de poser des feuilles de cuivre larges et \u00e9paisses et d'appliquer les tableaux IPC-2221 ou IPC-2152 pour une esp\u00e9rance de temp\u00e9rature \u00e9lev\u00e9e (cf. White Paper Nr.2). L'art est de consommer la juste quantit\u00e9 de cuivre dans ce lieu pr\u00e9cieux. <a href=\"https:\/\/www.adam-research.de\/fr\/strombelastbarkeit\/\" class=\"more-link\">...continue reading<span class=\"screen-reader-text\"> \"Courant\"<\/span><\/a><\/p>\n","protected":false},"author":1,"featured_media":84,"parent":0,"menu_order":3,"comment_status":"closed","ping_status":"closed","template":"","meta":[],"yoast_head":"<!-- This site is optimized with the Yoast SEO plugin v20.1 - https:\/\/yoast.com\/wordpress\/plugins\/seo\/ -->\n<title>Courant - ADAM Research<\/title>\n<meta name=\"robots\" content=\"index, follow, max-snippet:-1, max-image-preview:large, max-video-preview:-1\" \/>\n<link rel=\"canonical\" href=\"https:\/\/www.adam-research.de\/strombelastbarkeit\/\" \/>\n<meta property=\"og:locale\" content=\"fr_FR\" \/>\n<meta property=\"og:type\" content=\"article\" \/>\n<meta property=\"og:title\" content=\"[:de]Strombelastbarkeit[:en]Current [:fr]Courant[:es]Corriente admisible[:] - ADAM Research\" \/>\n<meta property=\"og:description\" content=\"N&#039;importe qui peut surdimensionner les traces de courant. Tout ce que vous avez \u00e0 faire, c&#039;est de poser des feuilles de cuivre larges et \u00e9paisses et d&#039;appliquer les tableaux IPC-2221 ou IPC-2152 pour une esp\u00e9rance de temp\u00e9rature \u00e9lev\u00e9e (cf. White Paper Nr.2). L&#039;art est de consommer la juste quantit\u00e9 de cuivre dans ce lieu pr\u00e9cieux. ...continue reading &quot;Courant&quot;\" \/>\n<meta property=\"og:url\" content=\"https:\/\/www.adam-research.de\/strombelastbarkeit\/\" \/>\n<meta property=\"og:site_name\" content=\"ADAM Research\" \/>\n<meta property=\"article:modified_time\" content=\"2025-09-29T13:09:23+00:00\" \/>\n<meta property=\"og:image\" content=\"https:\/\/www.adam-research.de\/wp-content\/uploads\/2016\/11\/TRM_PCB_features.jpg\" \/>\n\t<meta property=\"og:image:width\" content=\"600\" \/>\n\t<meta property=\"og:image:height\" content=\"366\" \/>\n\t<meta property=\"og:image:type\" content=\"image\/jpeg\" \/>\n<meta name=\"twitter:card\" content=\"summary_large_image\" \/>\n<meta name=\"twitter:label1\" content=\"Dur\u00e9e de lecture estim\u00e9e\" \/>\n\t<meta name=\"twitter:data1\" content=\"2 minutes\" \/>\n<script type=\"application\/ld+json\" class=\"yoast-schema-graph\">{\"@context\":\"https:\/\/schema.org\",\"@graph\":[{\"@type\":\"WebPage\",\"@id\":\"https:\/\/www.adam-research.de\/strombelastbarkeit\/\",\"url\":\"https:\/\/www.adam-research.de\/strombelastbarkeit\/\",\"name\":\"[:de]Strombelastbarkeit[:en]Current [:fr]Courant[:es]Corriente admisible[:] - ADAM Research\",\"isPartOf\":{\"@id\":\"https:\/\/www.adam-research.de\/#website\"},\"datePublished\":\"2016-11-21T15:14:51+00:00\",\"dateModified\":\"2025-09-29T13:09:23+00:00\",\"breadcrumb\":{\"@id\":\"https:\/\/www.adam-research.de\/strombelastbarkeit\/#breadcrumb\"},\"inLanguage\":\"fr-FR\",\"potentialAction\":[{\"@type\":\"ReadAction\",\"target\":[\"https:\/\/www.adam-research.de\/strombelastbarkeit\/\"]}]},{\"@type\":\"BreadcrumbList\",\"@id\":\"https:\/\/www.adam-research.de\/strombelastbarkeit\/#breadcrumb\",\"itemListElement\":[{\"@type\":\"ListItem\",\"position\":1,\"name\":\"Startseite\",\"item\":\"https:\/\/www.adam-research.de\/\"},{\"@type\":\"ListItem\",\"position\":2,\"name\":\"Strombelastbarkeit\"}]},{\"@type\":\"WebSite\",\"@id\":\"https:\/\/www.adam-research.de\/#website\",\"url\":\"https:\/\/www.adam-research.de\/\",\"name\":\"ADAM Research\",\"description\":\"Thermal Risk Management in Electronics\",\"potentialAction\":[{\"@type\":\"SearchAction\",\"target\":{\"@type\":\"EntryPoint\",\"urlTemplate\":\"https:\/\/www.adam-research.de\/?s={search_term_string}\"},\"query-input\":\"required name=search_term_string\"}],\"inLanguage\":\"fr-FR\"}]}<\/script>\n<!-- \/ Yoast SEO plugin. -->","yoast_head_json":{"title":"[:de]Strombelastbarkeit[:en]Current [:fr]Courant[:es]Corriente admisible[:] - ADAM Research","robots":{"index":"index","follow":"follow","max-snippet":"max-snippet:-1","max-image-preview":"max-image-preview:large","max-video-preview":"max-video-preview:-1"},"canonical":"https:\/\/www.adam-research.de\/strombelastbarkeit\/","og_locale":"fr_FR","og_type":"article","og_title":"[:de]Strombelastbarkeit[:en]Current [:fr]Courant[:es]Corriente admisible[:] - ADAM Research","og_description":"N'importe qui peut surdimensionner les traces de courant. Tout ce que vous avez \u00e0 faire, c'est de poser des feuilles de cuivre larges et \u00e9paisses et d'appliquer les tableaux IPC-2221 ou IPC-2152 pour une esp\u00e9rance de temp\u00e9rature \u00e9lev\u00e9e (cf. White Paper Nr.2). L'art est de consommer la juste quantit\u00e9 de cuivre dans ce lieu pr\u00e9cieux. ...continue reading \"Courant\"","og_url":"https:\/\/www.adam-research.de\/strombelastbarkeit\/","og_site_name":"ADAM Research","article_modified_time":"2025-09-29T13:09:23+00:00","og_image":[{"width":600,"height":366,"url":"https:\/\/www.adam-research.de\/wp-content\/uploads\/2016\/11\/TRM_PCB_features.jpg","type":"image\/jpeg"}],"twitter_card":"summary_large_image","twitter_misc":{"Dur\u00e9e de lecture estim\u00e9e":"2 minutes"},"schema":{"@context":"https:\/\/schema.org","@graph":[{"@type":"WebPage","@id":"https:\/\/www.adam-research.de\/strombelastbarkeit\/","url":"https:\/\/www.adam-research.de\/strombelastbarkeit\/","name":"[:de]Strombelastbarkeit[:en]Current [:fr]Courant[:es]Corriente admisible[:] - ADAM Research","isPartOf":{"@id":"https:\/\/www.adam-research.de\/#website"},"datePublished":"2016-11-21T15:14:51+00:00","dateModified":"2025-09-29T13:09:23+00:00","breadcrumb":{"@id":"https:\/\/www.adam-research.de\/strombelastbarkeit\/#breadcrumb"},"inLanguage":"fr-FR","potentialAction":[{"@type":"ReadAction","target":["https:\/\/www.adam-research.de\/strombelastbarkeit\/"]}]},{"@type":"BreadcrumbList","@id":"https:\/\/www.adam-research.de\/strombelastbarkeit\/#breadcrumb","itemListElement":[{"@type":"ListItem","position":1,"name":"Startseite","item":"https:\/\/www.adam-research.de\/"},{"@type":"ListItem","position":2,"name":"Strombelastbarkeit"}]},{"@type":"WebSite","@id":"https:\/\/www.adam-research.de\/#website","url":"https:\/\/www.adam-research.de\/","name":"ADAM Research","description":"Thermal Risk Management in Electronics","potentialAction":[{"@type":"SearchAction","target":{"@type":"EntryPoint","urlTemplate":"https:\/\/www.adam-research.de\/?s={search_term_string}"},"query-input":"required name=search_term_string"}],"inLanguage":"fr-FR"}]}},"_links":{"self":[{"href":"https:\/\/www.adam-research.de\/fr\/wp-json\/wp\/v2\/pages\/32"}],"collection":[{"href":"https:\/\/www.adam-research.de\/fr\/wp-json\/wp\/v2\/pages"}],"about":[{"href":"https:\/\/www.adam-research.de\/fr\/wp-json\/wp\/v2\/types\/page"}],"author":[{"embeddable":true,"href":"https:\/\/www.adam-research.de\/fr\/wp-json\/wp\/v2\/users\/1"}],"replies":[{"embeddable":true,"href":"https:\/\/www.adam-research.de\/fr\/wp-json\/wp\/v2\/comments?post=32"}],"version-history":[{"count":55,"href":"https:\/\/www.adam-research.de\/fr\/wp-json\/wp\/v2\/pages\/32\/revisions"}],"predecessor-version":[{"id":2244,"href":"https:\/\/www.adam-research.de\/fr\/wp-json\/wp\/v2\/pages\/32\/revisions\/2244"}],"wp:featuredmedia":[{"embeddable":true,"href":"https:\/\/www.adam-research.de\/fr\/wp-json\/wp\/v2\/media\/84"}],"wp:attachment":[{"href":"https:\/\/www.adam-research.de\/fr\/wp-json\/wp\/v2\/media?parent=32"}],"curies":[{"name":"wp","href":"https:\/\/api.w.org\/{rel}","templated":true}]}}