{"id":394,"date":"2016-12-20T11:45:25","date_gmt":"2016-12-20T10:45:25","guid":{"rendered":"http:\/\/www.adam-research.de\/?page_id=394"},"modified":"2024-01-30T11:15:21","modified_gmt":"2024-01-30T10:15:21","slug":"download","status":"publish","type":"page","link":"https:\/\/www.adam-research.de\/fr\/software\/download\/","title":{"rendered":"T\u00e9l\u00e9charger"},"content":{"rendered":"<p><\/p>\n<div id=\"Text3\">\n<p><b>Installation de test <b><span style=\"color: #046b7a;\">TRM<\/span> <\/b><\/b><br \/>\nNous vous invitons \u00e0 essayer un TRM pour vous-m\u00eame!<br \/>\nIl serait bon que vous nous donniez quelques informations sur votre application thermique afin que nous puissions \u00e9valuer son applicabilit\u00e9 et vous donner quelques conseils utiles. Vous pouvez \u00e9galement nous envoyer \u00e0 l'avance les fichiers Gerber et Excellon, \u00e0 partir desquels nous cr\u00e9erons un mod\u00e8le de d\u00e9part comment\u00e9 pour vous. Peu importe comment - TRM peut \u00eatre facilement exploit\u00e9 par n'importe quel concepteur ou d\u00e9veloppeur de PCB.<\/p>\n<p><b><span style=\"color: #046b7a;\">TRM<\/span> Student's License<\/b><br \/>\nNous offrons aux \u00e9tudiants Bachelor et Master une licence gratuite pour travailler sur leur th\u00e8se.<\/p>\n<p><strong>Pr\u00e9requis pour l'installation de<\/strong> <span style=\"color: #314f87;\"><strong>TRM<\/strong><\/span><br \/>\n<em>Client ou monoposte<\/em> : Windows 64-bit. &gt;16 Go de RAM recommand\u00e9s<br \/>\n<em>Serveur de licence<\/em> : A partir de Windows Server 2019. Nous utilisons FlexLM pour les licences.<br \/>\nLinux n'est pas support\u00e9.<\/p>\n<p><b><span style=\"color: #046b7a;\">TRM<\/span> Veuillez nous contacter<\/b><br \/>\nVeuillez utiliser le <a href=\"https:\/\/www.adam-research.de\/ueber-uns\/kontakt\/\" target=\"_blank\" rel=\"noopener noreferrer\">formulaire de contact <\/a> et nous envoyer votre message.<br \/>\nVous recevrez alors de plus amples informations sur l'installation et la licence.<\/p>\n<\/div>\n<p><\/p>","protected":false},"excerpt":{"rendered":"<p>Installation de test TRM Nous vous invitons \u00e0 essayer un TRM pour vous-m\u00eame! Il serait bon que vous nous donniez quelques informations sur votre application thermique afin que nous puissions \u00e9valuer son applicabilit\u00e9 et vous donner quelques conseils utiles. Vous pouvez \u00e9galement nous envoyer \u00e0 l'avance les fichiers Gerber et Excellon, \u00e0 partir desquels nous <a href=\"https:\/\/www.adam-research.de\/fr\/software\/download\/\" class=\"more-link\">...continue reading<span class=\"screen-reader-text\"> \"T\u00e9l\u00e9charger\"<\/span><\/a><\/p>\n","protected":false},"author":1,"featured_media":0,"parent":2,"menu_order":6,"comment_status":"closed","ping_status":"closed","template":"","meta":[],"yoast_head":"<!-- This site is optimized with the Yoast SEO plugin v20.1 - https:\/\/yoast.com\/wordpress\/plugins\/seo\/ -->\n<title>T\u00e9l\u00e9charger - ADAM Research<\/title>\n<meta name=\"robots\" content=\"index, follow, max-snippet:-1, max-image-preview:large, max-video-preview:-1\" \/>\n<link rel=\"canonical\" href=\"https:\/\/www.adam-research.de\/software\/download\/\" \/>\n<meta property=\"og:locale\" content=\"fr_FR\" \/>\n<meta property=\"og:type\" content=\"article\" \/>\n<meta property=\"og:title\" content=\"[:de]Download[:en]Download[:fr]T\u00e9l\u00e9charger[:es]Descargar[:] - ADAM Research\" \/>\n<meta property=\"og:description\" content=\"Installation de test TRM Nous vous invitons \u00e0 essayer un TRM pour vous-m\u00eame! Il serait bon que vous nous donniez quelques informations sur votre application thermique afin que nous puissions \u00e9valuer son applicabilit\u00e9 et vous donner quelques conseils utiles. Vous pouvez \u00e9galement nous envoyer \u00e0 l&#039;avance les fichiers Gerber et Excellon, \u00e0 partir desquels nous ...continue reading &quot;T\u00e9l\u00e9charger&quot;\" \/>\n<meta property=\"og:url\" content=\"https:\/\/www.adam-research.de\/software\/download\/\" \/>\n<meta property=\"og:site_name\" content=\"ADAM Research\" \/>\n<meta property=\"article:modified_time\" content=\"2024-01-30T10:15:21+00:00\" \/>\n<meta name=\"twitter:card\" content=\"summary_large_image\" \/>\n<meta name=\"twitter:label1\" content=\"Dur\u00e9e de lecture estim\u00e9e\" \/>\n\t<meta name=\"twitter:data1\" content=\"1 minute\" \/>\n<script type=\"application\/ld+json\" class=\"yoast-schema-graph\">{\"@context\":\"https:\/\/schema.org\",\"@graph\":[{\"@type\":\"WebPage\",\"@id\":\"https:\/\/www.adam-research.de\/software\/download\/\",\"url\":\"https:\/\/www.adam-research.de\/software\/download\/\",\"name\":\"[:de]Download[:en]Download[:fr]T\u00e9l\u00e9charger[:es]Descargar[:] - ADAM Research\",\"isPartOf\":{\"@id\":\"https:\/\/www.adam-research.de\/#website\"},\"datePublished\":\"2016-12-20T10:45:25+00:00\",\"dateModified\":\"2024-01-30T10:15:21+00:00\",\"breadcrumb\":{\"@id\":\"https:\/\/www.adam-research.de\/software\/download\/#breadcrumb\"},\"inLanguage\":\"fr-FR\",\"potentialAction\":[{\"@type\":\"ReadAction\",\"target\":[\"https:\/\/www.adam-research.de\/software\/download\/\"]}]},{\"@type\":\"BreadcrumbList\",\"@id\":\"https:\/\/www.adam-research.de\/software\/download\/#breadcrumb\",\"itemListElement\":[{\"@type\":\"ListItem\",\"position\":1,\"name\":\"Startseite\",\"item\":\"https:\/\/www.adam-research.de\/\"},{\"@type\":\"ListItem\",\"position\":2,\"name\":\"TRM\",\"item\":\"https:\/\/www.adam-research.de\/software\/\"},{\"@type\":\"ListItem\",\"position\":3,\"name\":\"Download\"}]},{\"@type\":\"WebSite\",\"@id\":\"https:\/\/www.adam-research.de\/#website\",\"url\":\"https:\/\/www.adam-research.de\/\",\"name\":\"ADAM Research\",\"description\":\"Thermal Risk Management in Electronics\",\"potentialAction\":[{\"@type\":\"SearchAction\",\"target\":{\"@type\":\"EntryPoint\",\"urlTemplate\":\"https:\/\/www.adam-research.de\/?s={search_term_string}\"},\"query-input\":\"required name=search_term_string\"}],\"inLanguage\":\"fr-FR\"}]}<\/script>\n<!-- \/ Yoast SEO plugin. -->","yoast_head_json":{"title":"[:de]Download[:en]Download[:fr]T\u00e9l\u00e9charger[:es]Descargar[:] - ADAM Research","robots":{"index":"index","follow":"follow","max-snippet":"max-snippet:-1","max-image-preview":"max-image-preview:large","max-video-preview":"max-video-preview:-1"},"canonical":"https:\/\/www.adam-research.de\/software\/download\/","og_locale":"fr_FR","og_type":"article","og_title":"[:de]Download[:en]Download[:fr]T\u00e9l\u00e9charger[:es]Descargar[:] - ADAM Research","og_description":"Installation de test TRM Nous vous invitons \u00e0 essayer un TRM pour vous-m\u00eame! Il serait bon que vous nous donniez quelques informations sur votre application thermique afin que nous puissions \u00e9valuer son applicabilit\u00e9 et vous donner quelques conseils utiles. Vous pouvez \u00e9galement nous envoyer \u00e0 l'avance les fichiers Gerber et Excellon, \u00e0 partir desquels nous ...continue reading \"T\u00e9l\u00e9charger\"","og_url":"https:\/\/www.adam-research.de\/software\/download\/","og_site_name":"ADAM Research","article_modified_time":"2024-01-30T10:15:21+00:00","twitter_card":"summary_large_image","twitter_misc":{"Dur\u00e9e de lecture estim\u00e9e":"1 minute"},"schema":{"@context":"https:\/\/schema.org","@graph":[{"@type":"WebPage","@id":"https:\/\/www.adam-research.de\/software\/download\/","url":"https:\/\/www.adam-research.de\/software\/download\/","name":"[:de]Download[:en]Download[:fr]T\u00e9l\u00e9charger[:es]Descargar[:] - ADAM Research","isPartOf":{"@id":"https:\/\/www.adam-research.de\/#website"},"datePublished":"2016-12-20T10:45:25+00:00","dateModified":"2024-01-30T10:15:21+00:00","breadcrumb":{"@id":"https:\/\/www.adam-research.de\/software\/download\/#breadcrumb"},"inLanguage":"fr-FR","potentialAction":[{"@type":"ReadAction","target":["https:\/\/www.adam-research.de\/software\/download\/"]}]},{"@type":"BreadcrumbList","@id":"https:\/\/www.adam-research.de\/software\/download\/#breadcrumb","itemListElement":[{"@type":"ListItem","position":1,"name":"Startseite","item":"https:\/\/www.adam-research.de\/"},{"@type":"ListItem","position":2,"name":"TRM","item":"https:\/\/www.adam-research.de\/software\/"},{"@type":"ListItem","position":3,"name":"Download"}]},{"@type":"WebSite","@id":"https:\/\/www.adam-research.de\/#website","url":"https:\/\/www.adam-research.de\/","name":"ADAM Research","description":"Thermal Risk Management in Electronics","potentialAction":[{"@type":"SearchAction","target":{"@type":"EntryPoint","urlTemplate":"https:\/\/www.adam-research.de\/?s={search_term_string}"},"query-input":"required name=search_term_string"}],"inLanguage":"fr-FR"}]}},"_links":{"self":[{"href":"https:\/\/www.adam-research.de\/fr\/wp-json\/wp\/v2\/pages\/394"}],"collection":[{"href":"https:\/\/www.adam-research.de\/fr\/wp-json\/wp\/v2\/pages"}],"about":[{"href":"https:\/\/www.adam-research.de\/fr\/wp-json\/wp\/v2\/types\/page"}],"author":[{"embeddable":true,"href":"https:\/\/www.adam-research.de\/fr\/wp-json\/wp\/v2\/users\/1"}],"replies":[{"embeddable":true,"href":"https:\/\/www.adam-research.de\/fr\/wp-json\/wp\/v2\/comments?post=394"}],"version-history":[{"count":24,"href":"https:\/\/www.adam-research.de\/fr\/wp-json\/wp\/v2\/pages\/394\/revisions"}],"predecessor-version":[{"id":1995,"href":"https:\/\/www.adam-research.de\/fr\/wp-json\/wp\/v2\/pages\/394\/revisions\/1995"}],"up":[{"embeddable":true,"href":"https:\/\/www.adam-research.de\/fr\/wp-json\/wp\/v2\/pages\/2"}],"wp:attachment":[{"href":"https:\/\/www.adam-research.de\/fr\/wp-json\/wp\/v2\/media?parent=394"}],"curies":[{"name":"wp","href":"https:\/\/api.w.org\/{rel}","templated":true}]}}