{"id":414,"date":"2016-12-20T15:11:27","date_gmt":"2016-12-20T14:11:27","guid":{"rendered":"http:\/\/www.adam-research.de\/?page_id=414"},"modified":"2023-12-16T23:13:29","modified_gmt":"2023-12-16T22:13:29","slug":"english-recent-articles","status":"publish","type":"page","link":"https:\/\/www.adam-research.de\/fr\/dokumente\/english-recent-articles\/","title":{"rendered":"Articles"},"content":{"rendered":"<p><strong>Douglas Brooks, Ph.D. (Ultracad Inc.),\u00a0 Johannes Adam (ADAM-Research) <\/strong><br \/>\n<strong><span style=\"color: #ff6600;\">How many high-current vias do we need? (fewer than you think)<\/span><\/strong><br \/>\n<a href=\"https:\/\/pcdandf.com\/pcdesign\/index.php\/editorial\/menu-features\/17738-how-many-high-current-vias-do-we-need-fewer-than-you-think\">Printed Circuit Design &amp; Fabrication<\/a> 05 Dec 2023<\/p>\n<p><strong>Doug Brooks<\/strong> s'exprime sur le th\u00e8me : <strong><span style=\"color: #ff6600;\">\"Via et trace - Courant et temp\u00e9rature\".<\/span><\/strong><br \/>\n<a href=\"http:\/\/www.ultracad.com\/thermal_video.mp4\">Pr\u00e9sentation vid\u00e9o<\/a> (2023)<\/p>\n<p><strong>Douglas Brooks, Ph.D. (Ultracad Inc.), Johannes Adam (ADAM-Research) <\/strong><br \/>\n<span style=\"color: #ff6600;\"><em>PCB Signal Traces Are Hotter Than We Think<\/em><\/span><span style=\"color: #000000;\"> Signal Integrity Journal (SIJ) (July 19, 2022) <i><a class=\"link1\" href=\"https:\/\/www.signalintegrityjournal.com\/articles\/2677-pcb-signal-traces-are-hotter-than-we-think\" target=\"_blank\" rel=\"noopener noreferrer\">Link<\/a><\/i><\/span><\/p>\n<p><strong>Douglas Brooks, Ph.D. (Ultracad Inc.)<\/strong><br \/>\n<span style=\"color: #ff6600;\"><em>Thermal management: A close look at vertical heat flow in PCBs<\/em><\/span><span style=\"color: #000000;\"> Electronics Design News (EDN) (October 19, 2021) <i><a class=\"link1\" href=\"https:\/\/www.edn.com\/thermal-management-a-close-look-at-vertical-heat-flows-in-pcbs\/\" target=\"_blank\" rel=\"noopener noreferrer\">Link<\/a><\/i><\/span><\/p>\n<p><strong>Johannes Adam (ADAM Research)<\/strong><br \/>\n<span style=\"color: #ff6600;\"><em>Don't believe the data sheets. <\/em><\/span><span style=\"color: #000000;\">Design007 Magazine (September 2020) <a href=\"http:\/\/www.adam-research.de\/pdfs\/design007-sept2020-1_extract_TRM.pdf\" target=\"_blank\" rel=\"noopener noreferrer\">Link<\/a><br \/>\n<\/span><br \/>\nLe magazine complet avec les contributions de Doug Brooks (Vias) et Mike Jouppi (IPC-2221, IPC-2152) <a href=\"http:\/\/iconnect007.uberflip.com\/i\/1285883-design007-sept2020\" target=\"_blank\" rel=\"noopener noreferrer\">Link<\/a><\/p>\n<p><strong>Douglas Brooks, Ph.D. (Ultracad Inc.), Johannes Adam (ADAM-Research) <\/strong><br \/>\n<span style=\"color: #ff6600;\"><em>Current Density: Interesting, But Irrelevant<\/em><\/span><span style=\"color: #000000;\"> Signal Integrity Journal (SIJ) (January 30, 2020) <i><a class=\"link1\" href=\"https:\/\/www.signalintegrityjournal.com\/articles\/1556-current-density-interesting-but-irrelevant\\\" target=\"_blank\" rel=\"noopener noreferrer\">Link<\/a><\/i><\/span><\/p>\n<p><strong>David Kalas; Karel Sima; Silvan Pretl; Jan Reboun; Radek Soukup; Ales Hamacek (Department of Materials and Technology, Faculty of Electrical Engineering, University of West Bohemia, Pilsen, Czech Republic)<\/strong><br \/>\n<span style=\"color: #ff6600;\"><em>Temperature Distribution Optimization for Multichannel Sensor System for Thermal Testing of Protective Gloves. <\/em><\/span>42nd International Spring Seminar on Electronics Technology (ISSE) (2019)<br \/>\n<a href=\"https:\/\/ieeexplore.ieee.org\/abstract\/document\/8810285\" target=\"_blank\" rel=\"noopener\">https:\/\/ieeexplore.ieee.org\/abstract\/document\/8810285<\/a><\/p>\n<p><strong>Shusmitha Kyatam, Pedro Camacho, Lu\u00eds Rodrigues, Lu\u00eds Nero Alves, Joana Catarina Mendes (Instituto de Telecomunica\u00e7\u00f5es, Campus Universit\u00e1rio de Santiago, Aveiro, Portugal)<\/strong><br \/>\n<em><a class=\"document-title text-2xl-md-lh\"><span style=\"color: #ff6600;\">Thermal analysis of high power LEDs using different PCB materials<\/span>. <\/a><\/em><a class=\"document-title text-2xl-md-lh\">European Conference on Circuit Theory and Design (ECCTD) (2017) <\/a><a href=\"https:\/\/ieeexplore.ieee.org\/abstract\/document\/8093259\" target=\"_blank\" rel=\"noopener\">https:\/\/ieeexplore.ieee.org\/abstract\/document\/8093259<\/a><\/p>\n<p><strong>Johannes Adam (ADAM Research)<br \/>\n<\/strong>Feature interview <span style=\"color: #ff9900;\"><em>D<span style=\"color: #ff6600;\">r. Johannes Adam Sounds the Alarm for Thermal Design<\/span><\/em><span style=\"color: #000000;\"> by Andy Shaughnessy I-CONNECT007. The PCB Design Magazine (pp 16. December 2017). <\/span><br \/>\n<i><a class=\"link1\" href=\"http:\/\/iconnect007.uberflip.com\/i\/916068-pcbd-dec2017\/16\" target=\"_blank\" rel=\"noopener noreferrer\">Link<\/a><\/i><\/span><\/p>\n<p>Toute la interview: <a href=\"http:\/\/iconnect007.uberflip.com\/i\/916068-pcbd-dec2017\" target=\"_blank\" rel=\"noopener noreferrer\">http:\/\/iconnect007.uberflip.com\/i\/916068-pcbd-dec2017<\/a><br \/>\nPlus: <a href=\"http:\/\/pcb.iconnect007.com\/landing\/pcb\/pcb-magazine?skin=pcb\" target=\"_blank\" rel=\"noopener noreferrer\">pcb-magazine<\/a>, <a href=\"http:\/\/design.iconnect007.com\/landing\/design\/pcb-design-magazine?skin=design\" target=\"_blank\" rel=\"noopener noreferrer\">pcb-design-magazine<\/a>,<a href=\"http:\/\/smt.iconnect007.com\/landing\/smt\/smt-magazine?skin=smt\" target=\"_blank\" rel=\"noopener noreferrer\">smt-magazine<\/a> ,<a href=\"http:\/\/iconnect007.com\/\" target=\"_blank\" rel=\"noopener noreferrer\">iconnect007<\/a><\/p>\n<p><strong>Douglas Brooks, Ph.D. (Ultracad Inc.)<br \/>\n<\/strong><span style=\"color: #ff9900;\"><span style=\"color: #000000;\">Feature interview<\/span><em><span style=\"color: #ff6600;\"> Thermal Management Update with Douglas Brooks<\/span>.<\/em><span style=\"color: #000000;\"><span style=\"color: #000000;\">by Andy Shaughnessy I-CONNECT007. The PCB Design Magazine (pp 22. December 2017). <\/span><br \/>\n<i><a class=\"link1\" href=\"http:\/\/WWW.adam-research.de\/pdfs\/Brooks_ThePCBDesignMagazineDec2017_Interview.pdf\" target=\"_blank\" rel=\"noopener noreferrer\">Link<\/a> <\/i><\/span><\/span><\/p>\n<p><strong>Nitesh Kumar Sardana (Robert Bosch Engineering &amp; Business Solution (RBEI))<br \/>\n<\/strong><span style=\"color: #ff9900;\"><span style=\"color: #ff6600;\"><em>Simulation Driven Design Optimization for Reduction of Temperature on a High Current Density PCB. <\/em><\/span><span style=\"color: #000000;\"><a href=\"https:\/\/www.electronics-cooling.com\/2017\/07\/simulation-driven-design-optimization-reduction-temperature-high-current-density-pcb\/\" target=\"_blank\" rel=\"noopener noreferrer\">Electronics Cooling<\/a> (July 27, 2017). <\/span> <\/span><\/p>\n<p><strong>Johannes Adam (ADAM Research)<\/strong><br \/>\n<span style=\"color: #ff9900;\"><span style=\"color: #ff6600;\"><em>Simulated and Experimental Temperature. <\/em><\/span><span style=\"color: #000000;\"><a href=\"http:\/\/www.essais-simulations.com\/\" target=\"_blank\" rel=\"noopener noreferrer\">Essais et simulation<\/a> (No 127. pp 38. Janvier-Fevrier 2017). <\/span> <\/span><br \/>\nLes caract\u00e9ristiques thermiques de composants \u00e9lectroniques sont publi\u00e9es, cependant pour les cartes \u00e9lectroniques ce n\u2019est pas souvent le cas. Le logiciel TRM permet de cr\u00e9er un mod\u00e8le thermique \u00e0 partir des donn\u00e9es de conception et de fabrication d\u2019une carte \u00e9lectronique, dans son environnement (position, temp\u00e9rature, ventilation\u2026). ... . <a href=\"https:\/\/www.adam-research.de\/pdfs\/TRM_Essais%26simulations032017.pdf\" target=\"_blank\" rel=\"noopener noreferrer\">Link<\/a><\/p>\n<p><strong>Johannes Adam, Christian Tichet (EDA Expert srl)<\/strong><br \/>\n<em><span style=\"color: #ff6600;\">Int\u00e9r\u00eat et pr\u00e9cision de la simulation thermique sur une carte \u00e9lectronique. <\/span><\/em><span style=\"color: #ff6600;\"><span style=\"color: #000000;\">Les cahiers de l\u2019industrie \u00e9lectronique et num\u00e9rique (mars 2017, No. 91, pp. 40-41).<\/span><\/span><br \/>\n<span style=\"color: #ff6600;\"><a href=\"https:\/\/issuu.com\/richardcretier\/docs\/cien_91_bd\" target=\"_blank\" rel=\"noopener noreferrer\">Link<\/a><\/span><em><span style=\"color: #ff6600;\"><br \/>\n<\/span><\/em><\/p>\n<p><strong>Douglas Brooks, Ph.D. (Ultracad Inc.)<\/strong><br \/>\n<em><span style=\"color: #ff6600;\">Exiting New Technology: Thermal Risk Maganagament. <\/span><\/em><span style=\"color: #ff6600;\"><span style=\"color: #000000;\">The PCB Design Magazine (Feb 2017).<\/span><\/span><br \/>\n<a href=\"http:\/\/iconnect007.uberflip.com\/i\/786015-pcbd-feb2017\/12\" target=\"_blank\" rel=\"noopener noreferrer\">Link<\/a><\/p>\n<p><strong>Douglas Brooks (Ultracad Inc.), Ph.D., Norocel Codreanu, Ph.D. (Polytechnic Univ Bucuresti, UPB), and Dr. Johannes Adam<\/strong><br \/>\n<span style=\"color: #ff9900;\"><span style=\"color: #ff6600;\"><i>Thermal Effects around Right-Angle Trace Corners<\/i><\/span><i> . <\/i><\/span>Printed Circuit Design and Fabrication (2017).<br \/>\n<a href=\"http:\/\/pcdandf.com\/pcdesign\/index.php\/magazine\/11328-trace-cooling-1701\" target=\"_blank\" rel=\"noopener noreferrer\">Link<\/a><\/p>\n<p><strong>Hansang Lim, Do-Hwan Jung, Jun Seo Park (Department of Electronics Convergence Engineering, Kwangwoon University, Seoul, Republic of Korea)<\/strong><br \/>\n<span style=\"color: #ff6600;\"><em>Downsizing an automotive junction box based on large current-carrying printed-circuit board optimization. <\/em><\/span>Proceedings of the Institution of Mechanical Engineers, Part D: Journal of Automobile Engineering Volume 231, Issue 2\u00a0 (2019) <a href=\"https:\/\/doi.org\/10.1177\/095440701665749\" target=\"_blank\" rel=\"noopener\">https:\/\/doi.org\/10.1177\/095440701665749<\/a><\/p>\n<p><strong>Douglas Brooks, Ph.D. (Ultracad Inc.)<\/strong><br \/>\n<span style=\"color: #ff6600;\"><i>Your Traces have Hot Spots<\/i>.<\/span> The PCB Design Magazine (2016)<br \/>\n<i><a class=\"link1\" href=\"http:\/\/iconnect007.uberflip.com\/i\/713934-pcbd-aug2016\/58\" target=\"_blank\" rel=\"noopener noreferrer\">Link<\/a> <\/i><\/p>\n<p><strong>Douglas Brooks, Ph.D. (Ultracad Inc.)<\/strong><br \/>\n<span style=\"color: #ff6600;\"><i>Empirical Results of Fusing Tests<\/i>.<\/span> Printed Circuit Design and Fabrication (2015)<br \/>\n<i><a class=\"link1\" href=\"http:\/\/www.pcdandf.com\/pcdesign\/index.php\/magazine\/10546-thermal-overload-1601\" target=\"_blank\" rel=\"noopener noreferrer\">Link<\/a> <\/i><\/p>\n<p><strong>Douglas Brooks, Ph.D. (Ultracad Inc.) and Dr. Johannes Adam (ADAM Research)<\/strong><br \/>\n<span style=\"color: #ff6600;\"><i>The Dynamics of PCB Trace Heating and Cooling, and a Call to Action<\/i><\/span>. PCD&amp;F July (2016)<br \/>\n<i><a class=\"link1\" href=\"http:\/\/www.pcdandf.com\/pcdesign\/index.php\/magazine\/10931-conductor-temperatures-1607\" target=\"_blank\" rel=\"noopener noreferrer\">Link<\/a> <\/i><\/p>\n<p><strong>Douglas Brooks, Ph.D. (Ultracad Inc.) and Dr. Johannes Adam (ADAM Research)<\/strong><br \/>\n<i><span style=\"color: #ff6600;\">Trace Current\/Temperature Relationships<\/span>.<\/i> PCD&amp;F June (2015) Vol. 32 No.6, pp. 22-27<br \/>\n<i><a class=\"link1\" href=\"http:\/\/ourdigitalmags.com\/publication\/?i=259592\" target=\"_blank\" rel=\"noopener noreferrer\">Link<\/a><\/i><\/p>\n<p><strong>Mike Jouppi (Thermal Managament LLC)<\/strong><br \/>\n<span style=\"color: #ff6600;\"><em>Technology Specific, Current Carrying Capacity Design Charts. An Extension of IPC\u20102152. <\/em><span style=\"color: #000000;\">Advancements in Thermal Management 2015 <\/span><\/span><a href=\"http:\/\/thermalnews.com\/images\/ThermalManagementLLC.pdf\" target=\"_blank\" rel=\"noopener noreferrer\">Link<\/a><\/p>\n<p><strong>Dr. Johannes Adam (ADAM Research)<\/strong><br \/>\n<em><span style=\"color: #ff6600;\">Thermal Management of Boards and Current-Carrying Capacity. <\/span><\/em>Bodo's Power System, Issue October (2011), pp. 40<br \/>\n<i><a class=\"link1\" href=\"http:\/\/www.powerguru.org\/thermal-management-of-boards-and-current-carrying-capacity-of-traces\/\" target=\"_blank\" rel=\"noopener noreferrer\">Link<\/a><\/i><\/p>","protected":false},"excerpt":{"rendered":"<p>Douglas Brooks, Ph.D. (Ultracad Inc.),\u00a0 Johannes Adam (ADAM-Research) How many high-current vias do we need? (fewer than you think) Printed Circuit Design &amp; Fabrication 05 Dec 2023 Doug Brooks s'exprime sur le th\u00e8me : \"Via et trace - Courant et temp\u00e9rature\". Pr\u00e9sentation vid\u00e9o (2023) Douglas Brooks, Ph.D. (Ultracad Inc.), Johannes Adam (ADAM-Research) PCB Signal Traces <a href=\"https:\/\/www.adam-research.de\/fr\/dokumente\/english-recent-articles\/\" class=\"more-link\">...continue reading<span class=\"screen-reader-text\"> \"Articles\"<\/span><\/a><\/p>\n","protected":false},"author":1,"featured_media":0,"parent":36,"menu_order":4,"comment_status":"closed","ping_status":"closed","template":"","meta":[],"yoast_head":"<!-- This site is optimized with the Yoast SEO plugin v20.1 - https:\/\/yoast.com\/wordpress\/plugins\/seo\/ -->\n<title>Articles  - ADAM Research<\/title>\n<meta name=\"robots\" content=\"index, follow, max-snippet:-1, max-image-preview:large, max-video-preview:-1\" \/>\n<link rel=\"canonical\" href=\"https:\/\/www.adam-research.de\/dokumente\/english-recent-articles\/\" \/>\n<meta property=\"og:locale\" content=\"fr_FR\" \/>\n<meta property=\"og:type\" content=\"article\" \/>\n<meta property=\"og:title\" content=\"[:de]Neuere Artikel[:en]Recent Articles[:fr]Articles [:] - ADAM Research\" \/>\n<meta property=\"og:description\" content=\"Douglas Brooks, Ph.D. (Ultracad Inc.),\u00a0 Johannes Adam (ADAM-Research) How many high-current vias do we need? (fewer than you think) Printed Circuit Design &amp; Fabrication 05 Dec 2023 Doug Brooks s&#039;exprime sur le th\u00e8me : &quot;Via et trace - Courant et temp\u00e9rature&quot;. Pr\u00e9sentation vid\u00e9o (2023) Douglas Brooks, Ph.D. (Ultracad Inc.), Johannes Adam (ADAM-Research) PCB Signal Traces ...continue reading &quot;Articles&quot;\" \/>\n<meta property=\"og:url\" content=\"https:\/\/www.adam-research.de\/dokumente\/english-recent-articles\/\" \/>\n<meta property=\"og:site_name\" content=\"ADAM Research\" \/>\n<meta property=\"article:modified_time\" content=\"2023-12-16T22:13:29+00:00\" \/>\n<meta name=\"twitter:card\" content=\"summary_large_image\" \/>\n<meta name=\"twitter:label1\" content=\"Dur\u00e9e de lecture estim\u00e9e\" \/>\n\t<meta name=\"twitter:data1\" content=\"4 minutes\" \/>\n<script type=\"application\/ld+json\" class=\"yoast-schema-graph\">{\"@context\":\"https:\/\/schema.org\",\"@graph\":[{\"@type\":\"WebPage\",\"@id\":\"https:\/\/www.adam-research.de\/dokumente\/english-recent-articles\/\",\"url\":\"https:\/\/www.adam-research.de\/dokumente\/english-recent-articles\/\",\"name\":\"[:de]Neuere Artikel[:en]Recent Articles[:fr]Articles [:] - ADAM Research\",\"isPartOf\":{\"@id\":\"https:\/\/www.adam-research.de\/#website\"},\"datePublished\":\"2016-12-20T14:11:27+00:00\",\"dateModified\":\"2023-12-16T22:13:29+00:00\",\"breadcrumb\":{\"@id\":\"https:\/\/www.adam-research.de\/dokumente\/english-recent-articles\/#breadcrumb\"},\"inLanguage\":\"fr-FR\",\"potentialAction\":[{\"@type\":\"ReadAction\",\"target\":[\"https:\/\/www.adam-research.de\/dokumente\/english-recent-articles\/\"]}]},{\"@type\":\"BreadcrumbList\",\"@id\":\"https:\/\/www.adam-research.de\/dokumente\/english-recent-articles\/#breadcrumb\",\"itemListElement\":[{\"@type\":\"ListItem\",\"position\":1,\"name\":\"Startseite\",\"item\":\"https:\/\/www.adam-research.de\/\"},{\"@type\":\"ListItem\",\"position\":2,\"name\":\"Dokumente\",\"item\":\"https:\/\/www.adam-research.de\/dokumente\/\"},{\"@type\":\"ListItem\",\"position\":3,\"name\":\"Neuere Artikel\"}]},{\"@type\":\"WebSite\",\"@id\":\"https:\/\/www.adam-research.de\/#website\",\"url\":\"https:\/\/www.adam-research.de\/\",\"name\":\"ADAM Research\",\"description\":\"Thermal Risk Management in Electronics\",\"potentialAction\":[{\"@type\":\"SearchAction\",\"target\":{\"@type\":\"EntryPoint\",\"urlTemplate\":\"https:\/\/www.adam-research.de\/?s={search_term_string}\"},\"query-input\":\"required name=search_term_string\"}],\"inLanguage\":\"fr-FR\"}]}<\/script>\n<!-- \/ Yoast SEO plugin. -->","yoast_head_json":{"title":"[:de]Neuere Artikel[:en]Recent Articles[:fr]Articles [:] - ADAM Research","robots":{"index":"index","follow":"follow","max-snippet":"max-snippet:-1","max-image-preview":"max-image-preview:large","max-video-preview":"max-video-preview:-1"},"canonical":"https:\/\/www.adam-research.de\/dokumente\/english-recent-articles\/","og_locale":"fr_FR","og_type":"article","og_title":"[:de]Neuere Artikel[:en]Recent Articles[:fr]Articles [:] - ADAM Research","og_description":"Douglas Brooks, Ph.D. (Ultracad Inc.),\u00a0 Johannes Adam (ADAM-Research) How many high-current vias do we need? (fewer than you think) Printed Circuit Design &amp; Fabrication 05 Dec 2023 Doug Brooks s'exprime sur le th\u00e8me : \"Via et trace - Courant et temp\u00e9rature\". Pr\u00e9sentation vid\u00e9o (2023) Douglas Brooks, Ph.D. (Ultracad Inc.), Johannes Adam (ADAM-Research) PCB Signal Traces ...continue reading \"Articles\"","og_url":"https:\/\/www.adam-research.de\/dokumente\/english-recent-articles\/","og_site_name":"ADAM Research","article_modified_time":"2023-12-16T22:13:29+00:00","twitter_card":"summary_large_image","twitter_misc":{"Dur\u00e9e de lecture estim\u00e9e":"4 minutes"},"schema":{"@context":"https:\/\/schema.org","@graph":[{"@type":"WebPage","@id":"https:\/\/www.adam-research.de\/dokumente\/english-recent-articles\/","url":"https:\/\/www.adam-research.de\/dokumente\/english-recent-articles\/","name":"[:de]Neuere Artikel[:en]Recent Articles[:fr]Articles [:] - ADAM Research","isPartOf":{"@id":"https:\/\/www.adam-research.de\/#website"},"datePublished":"2016-12-20T14:11:27+00:00","dateModified":"2023-12-16T22:13:29+00:00","breadcrumb":{"@id":"https:\/\/www.adam-research.de\/dokumente\/english-recent-articles\/#breadcrumb"},"inLanguage":"fr-FR","potentialAction":[{"@type":"ReadAction","target":["https:\/\/www.adam-research.de\/dokumente\/english-recent-articles\/"]}]},{"@type":"BreadcrumbList","@id":"https:\/\/www.adam-research.de\/dokumente\/english-recent-articles\/#breadcrumb","itemListElement":[{"@type":"ListItem","position":1,"name":"Startseite","item":"https:\/\/www.adam-research.de\/"},{"@type":"ListItem","position":2,"name":"Dokumente","item":"https:\/\/www.adam-research.de\/dokumente\/"},{"@type":"ListItem","position":3,"name":"Neuere Artikel"}]},{"@type":"WebSite","@id":"https:\/\/www.adam-research.de\/#website","url":"https:\/\/www.adam-research.de\/","name":"ADAM Research","description":"Thermal Risk Management in Electronics","potentialAction":[{"@type":"SearchAction","target":{"@type":"EntryPoint","urlTemplate":"https:\/\/www.adam-research.de\/?s={search_term_string}"},"query-input":"required name=search_term_string"}],"inLanguage":"fr-FR"}]}},"_links":{"self":[{"href":"https:\/\/www.adam-research.de\/fr\/wp-json\/wp\/v2\/pages\/414"}],"collection":[{"href":"https:\/\/www.adam-research.de\/fr\/wp-json\/wp\/v2\/pages"}],"about":[{"href":"https:\/\/www.adam-research.de\/fr\/wp-json\/wp\/v2\/types\/page"}],"author":[{"embeddable":true,"href":"https:\/\/www.adam-research.de\/fr\/wp-json\/wp\/v2\/users\/1"}],"replies":[{"embeddable":true,"href":"https:\/\/www.adam-research.de\/fr\/wp-json\/wp\/v2\/comments?post=414"}],"version-history":[{"count":103,"href":"https:\/\/www.adam-research.de\/fr\/wp-json\/wp\/v2\/pages\/414\/revisions"}],"predecessor-version":[{"id":1958,"href":"https:\/\/www.adam-research.de\/fr\/wp-json\/wp\/v2\/pages\/414\/revisions\/1958"}],"up":[{"embeddable":true,"href":"https:\/\/www.adam-research.de\/fr\/wp-json\/wp\/v2\/pages\/36"}],"wp:attachment":[{"href":"https:\/\/www.adam-research.de\/fr\/wp-json\/wp\/v2\/media?parent=414"}],"curies":[{"name":"wp","href":"https:\/\/api.w.org\/{rel}","templated":true}]}}