{"id":45,"date":"2016-11-21T18:25:03","date_gmt":"2016-11-21T17:25:03","guid":{"rendered":"http:\/\/wp.adam-research.de\/?page_id=45"},"modified":"2020-02-26T14:15:14","modified_gmt":"2020-02-26T13:15:14","slug":"bilder","status":"publish","type":"page","link":"https:\/\/www.adam-research.de\/fr\/software\/bilder\/","title":{"rendered":"Quelques Exemples"},"content":{"rendered":"<p><\/p>\n<ul>\n<li style=\"text-align: left;\"><a class=\"spezlink\" href=\"https:\/\/adam-research.de\/pdfs\/TRM_ApplicationsGallery.pdf\" target=\"_blank\" rel=\"noopener noreferrer\">Une collection d'exemples d'applications TRM (pdf)<\/a><\/li>\n<\/ul>\n<hr \/>\n<h2><strong>Convertisseur DCDC<\/strong><\/h2>\n<p>Th\u00e8se de Master: avec barres conductrices<\/p>\n<p><img decoding=\"async\" loading=\"lazy\" class=\"alignnone size-medium wp-image-176\" src=\"http:\/\/wp.adam-research.de\/wp-content\/uploads\/2016\/11\/DCDC_curr-300x134.jpg\" alt=\"dcdc_curr\" width=\"300\" height=\"134\" srcset=\"https:\/\/www.adam-research.de\/wp-content\/uploads\/2016\/11\/DCDC_curr-300x134.jpg 300w, https:\/\/www.adam-research.de\/wp-content\/uploads\/2016\/11\/DCDC_curr-768x344.jpg 768w, https:\/\/www.adam-research.de\/wp-content\/uploads\/2016\/11\/DCDC_curr-1024x459.jpg 1024w, https:\/\/www.adam-research.de\/wp-content\/uploads\/2016\/11\/DCDC_curr-960x430.jpg 960w\" sizes=\"(max-width: 300px) 100vw, 300px\" \/> <img decoding=\"async\" loading=\"lazy\" class=\"alignnone size-medium wp-image-177\" src=\"http:\/\/wp.adam-research.de\/wp-content\/uploads\/2016\/11\/DCDC_temp-300x139.jpg\" alt=\"dcdc_temp\" width=\"300\" height=\"139\" srcset=\"https:\/\/www.adam-research.de\/wp-content\/uploads\/2016\/11\/DCDC_temp-300x139.jpg 300w, https:\/\/www.adam-research.de\/wp-content\/uploads\/2016\/11\/DCDC_temp-768x355.jpg 768w, https:\/\/www.adam-research.de\/wp-content\/uploads\/2016\/11\/DCDC_temp-1024x473.jpg 1024w, https:\/\/www.adam-research.de\/wp-content\/uploads\/2016\/11\/DCDC_temp-960x444.jpg 960w\" sizes=\"(max-width: 300px) 100vw, 300px\" \/><\/p>\n<p>Densit\u00e9 de courant (\u00e0 gauche) et Temp\u00e9rature (\u00e0 droite)<\/p>\n<hr \/>\n<h2><strong>Densit\u00e9 de courant<\/strong><\/h2>\n<p>Unit\u00e9 de commande de moteur \u00e0 4 couches<\/p>\n<p><img decoding=\"async\" loading=\"lazy\" class=\"alignnone size-medium wp-image-139\" src=\"http:\/\/wp.adam-research.de\/wp-content\/uploads\/2016\/11\/TRM_automotive-292x300.jpg\" alt=\"trm_automotive\" width=\"292\" height=\"300\" srcset=\"https:\/\/www.adam-research.de\/wp-content\/uploads\/2016\/11\/TRM_automotive-292x300.jpg 292w, https:\/\/www.adam-research.de\/wp-content\/uploads\/2016\/11\/TRM_automotive.jpg 422w\" sizes=\"(max-width: 292px) 100vw, 292px\" \/><\/p>\n<hr \/>\n<h2><strong>R\u00e9sultat de la temp\u00e9rature<\/strong><\/h2>\n<p>La couche sup\u00e9rieure d'une platine de commande d'automatisation<\/p>\n<p><img decoding=\"async\" loading=\"lazy\" class=\"size-medium wp-image-140\" src=\"http:\/\/wp.adam-research.de\/wp-content\/uploads\/2016\/11\/TRM_complex_example-300x232.jpg\" alt=\"Temperature and layout\" width=\"300\" height=\"232\" srcset=\"https:\/\/www.adam-research.de\/wp-content\/uploads\/2016\/11\/TRM_complex_example-300x232.jpg 300w, https:\/\/www.adam-research.de\/wp-content\/uploads\/2016\/11\/TRM_complex_example.jpg 600w\" sizes=\"(max-width: 300px) 100vw, 300px\" \/><\/p>\n<hr \/>\n<h2><strong>Chauffage du joule<\/strong><\/h2>\n<p>Comparaison de la cam\u00e9ra thermique et de la simulation TRM. D\u00e9tails et valeurs correspondent.<\/p>\n<p class=\"hide-if-no-js\"><img decoding=\"async\" loading=\"lazy\" class=\"alignnone size-medium wp-image-144\" src=\"http:\/\/wp.adam-research.de\/wp-content\/uploads\/2016\/11\/TRM_Messung-Simulation1-300x277.jpg\" alt=\"trm_messung-simulation1\" width=\"300\" height=\"277\" srcset=\"https:\/\/www.adam-research.de\/wp-content\/uploads\/2016\/11\/TRM_Messung-Simulation1-300x277.jpg 300w, https:\/\/www.adam-research.de\/wp-content\/uploads\/2016\/11\/TRM_Messung-Simulation1.jpg 560w\" sizes=\"(max-width: 300px) 100vw, 300px\" \/><\/p>\n<hr \/>\n<h2><strong>Chauffage des composants<\/strong><\/h2>\n<p>Comparaison de la cam\u00e9ra thermique et simulation TRM. D\u00e9tails et valeurs correspondent.<\/p>\n<p><img decoding=\"async\" loading=\"lazy\" class=\"alignnone wp-image-146\" src=\"http:\/\/wp.adam-research.de\/wp-content\/uploads\/2016\/11\/TRM_Intersil_comparison-2-300x169.jpg\" alt=\"trm_intersil_comparison\" width=\"410\" height=\"231\" \/><\/p>\n<hr \/>\n<hr \/>\n<h2>Accouplement de <strong>Altium<\/strong><em> Designer<\/em> et TRM<\/h2>\n<p><img decoding=\"async\" loading=\"lazy\" class=\"alignnone wp-image-148\" src=\"http:\/\/wp.adam-research.de\/wp-content\/uploads\/2016\/11\/TRM_AlteraCycloneFromAltium-300x134.jpg\" alt=\"trm_alteracyclonefromaltium\" width=\"430\" height=\"192\" srcset=\"https:\/\/www.adam-research.de\/wp-content\/uploads\/2016\/11\/TRM_AlteraCycloneFromAltium-300x134.jpg 300w, https:\/\/www.adam-research.de\/wp-content\/uploads\/2016\/11\/TRM_AlteraCycloneFromAltium.jpg 732w\" sizes=\"(max-width: 430px) 100vw, 430px\" \/><\/p>\n<hr \/>\n<p>&nbsp;<\/p>","protected":false},"excerpt":{"rendered":"<p>Une collection d'exemples d'applications TRM (pdf) Convertisseur DCDC Th\u00e8se de Master: avec barres conductrices Densit\u00e9 de courant (\u00e0 gauche) et Temp\u00e9rature (\u00e0 droite) Densit\u00e9 de courant Unit\u00e9 de commande de moteur \u00e0 4 couches R\u00e9sultat de la temp\u00e9rature La couche sup\u00e9rieure d'une platine de commande d'automatisation Chauffage du joule Comparaison de la cam\u00e9ra thermique et <a href=\"https:\/\/www.adam-research.de\/fr\/software\/bilder\/\" class=\"more-link\">...continue reading<span class=\"screen-reader-text\"> \"Quelques Exemples\"<\/span><\/a><\/p>\n","protected":false},"author":1,"featured_media":142,"parent":2,"menu_order":2,"comment_status":"closed","ping_status":"closed","template":"","meta":[],"yoast_head":"<!-- This site is optimized with the Yoast SEO plugin v20.1 - https:\/\/yoast.com\/wordpress\/plugins\/seo\/ -->\n<title>Quelques Exemples - ADAM Research<\/title>\n<meta name=\"robots\" content=\"index, follow, max-snippet:-1, max-image-preview:large, max-video-preview:-1\" \/>\n<link rel=\"canonical\" href=\"https:\/\/www.adam-research.de\/software\/bilder\/\" \/>\n<meta property=\"og:locale\" content=\"fr_FR\" \/>\n<meta property=\"og:type\" content=\"article\" \/>\n<meta property=\"og:title\" content=\"[:de]Beispiele[:en]Examples[:fr]Quelques Exemples[:es]Ejemplos[:] - ADAM Research\" \/>\n<meta property=\"og:description\" content=\"Une collection d&#039;exemples d&#039;applications TRM (pdf) Convertisseur DCDC Th\u00e8se de Master: avec barres conductrices Densit\u00e9 de courant (\u00e0 gauche) et Temp\u00e9rature (\u00e0 droite) Densit\u00e9 de courant Unit\u00e9 de commande de moteur \u00e0 4 couches R\u00e9sultat de la temp\u00e9rature La couche sup\u00e9rieure d&#039;une platine de commande d&#039;automatisation Chauffage du joule Comparaison de la cam\u00e9ra thermique et ...continue reading &quot;Quelques Exemples&quot;\" \/>\n<meta property=\"og:url\" content=\"https:\/\/www.adam-research.de\/software\/bilder\/\" \/>\n<meta property=\"og:site_name\" content=\"ADAM Research\" \/>\n<meta property=\"article:modified_time\" content=\"2020-02-26T13:15:14+00:00\" \/>\n<meta property=\"og:image\" content=\"https:\/\/www.adam-research.de\/wp-content\/uploads\/2016\/11\/TRM_Messung-Simulation2.jpg\" \/>\n\t<meta property=\"og:image:width\" content=\"784\" \/>\n\t<meta property=\"og:image:height\" content=\"520\" \/>\n\t<meta property=\"og:image:type\" content=\"image\/jpeg\" \/>\n<meta name=\"twitter:card\" content=\"summary_large_image\" \/>\n<meta name=\"twitter:label1\" content=\"Dur\u00e9e de lecture estim\u00e9e\" \/>\n\t<meta name=\"twitter:data1\" content=\"5 minutes\" \/>\n<script type=\"application\/ld+json\" class=\"yoast-schema-graph\">{\"@context\":\"https:\/\/schema.org\",\"@graph\":[{\"@type\":\"WebPage\",\"@id\":\"https:\/\/www.adam-research.de\/software\/bilder\/\",\"url\":\"https:\/\/www.adam-research.de\/software\/bilder\/\",\"name\":\"[:de]Beispiele[:en]Examples[:fr]Quelques Exemples[:es]Ejemplos[:] - ADAM Research\",\"isPartOf\":{\"@id\":\"https:\/\/www.adam-research.de\/#website\"},\"datePublished\":\"2016-11-21T17:25:03+00:00\",\"dateModified\":\"2020-02-26T13:15:14+00:00\",\"breadcrumb\":{\"@id\":\"https:\/\/www.adam-research.de\/software\/bilder\/#breadcrumb\"},\"inLanguage\":\"fr-FR\",\"potentialAction\":[{\"@type\":\"ReadAction\",\"target\":[\"https:\/\/www.adam-research.de\/software\/bilder\/\"]}]},{\"@type\":\"BreadcrumbList\",\"@id\":\"https:\/\/www.adam-research.de\/software\/bilder\/#breadcrumb\",\"itemListElement\":[{\"@type\":\"ListItem\",\"position\":1,\"name\":\"Startseite\",\"item\":\"https:\/\/www.adam-research.de\/\"},{\"@type\":\"ListItem\",\"position\":2,\"name\":\"TRM\",\"item\":\"https:\/\/www.adam-research.de\/software\/\"},{\"@type\":\"ListItem\",\"position\":3,\"name\":\"Examples\"}]},{\"@type\":\"WebSite\",\"@id\":\"https:\/\/www.adam-research.de\/#website\",\"url\":\"https:\/\/www.adam-research.de\/\",\"name\":\"ADAM Research\",\"description\":\"Thermal Risk Management in Electronics\",\"potentialAction\":[{\"@type\":\"SearchAction\",\"target\":{\"@type\":\"EntryPoint\",\"urlTemplate\":\"https:\/\/www.adam-research.de\/?s={search_term_string}\"},\"query-input\":\"required name=search_term_string\"}],\"inLanguage\":\"fr-FR\"}]}<\/script>\n<!-- \/ Yoast SEO plugin. -->","yoast_head_json":{"title":"[:de]Beispiele[:en]Examples[:fr]Quelques Exemples[:es]Ejemplos[:] - ADAM Research","robots":{"index":"index","follow":"follow","max-snippet":"max-snippet:-1","max-image-preview":"max-image-preview:large","max-video-preview":"max-video-preview:-1"},"canonical":"https:\/\/www.adam-research.de\/software\/bilder\/","og_locale":"fr_FR","og_type":"article","og_title":"[:de]Beispiele[:en]Examples[:fr]Quelques Exemples[:es]Ejemplos[:] - ADAM Research","og_description":"Une collection d'exemples d'applications TRM (pdf) Convertisseur DCDC Th\u00e8se de Master: avec barres conductrices Densit\u00e9 de courant (\u00e0 gauche) et Temp\u00e9rature (\u00e0 droite) Densit\u00e9 de courant Unit\u00e9 de commande de moteur \u00e0 4 couches R\u00e9sultat de la temp\u00e9rature La couche sup\u00e9rieure d'une platine de commande d'automatisation Chauffage du joule Comparaison de la cam\u00e9ra thermique et ...continue reading \"Quelques Exemples\"","og_url":"https:\/\/www.adam-research.de\/software\/bilder\/","og_site_name":"ADAM Research","article_modified_time":"2020-02-26T13:15:14+00:00","og_image":[{"width":784,"height":520,"url":"https:\/\/www.adam-research.de\/wp-content\/uploads\/2016\/11\/TRM_Messung-Simulation2.jpg","type":"image\/jpeg"}],"twitter_card":"summary_large_image","twitter_misc":{"Dur\u00e9e de lecture estim\u00e9e":"5 minutes"},"schema":{"@context":"https:\/\/schema.org","@graph":[{"@type":"WebPage","@id":"https:\/\/www.adam-research.de\/software\/bilder\/","url":"https:\/\/www.adam-research.de\/software\/bilder\/","name":"[:de]Beispiele[:en]Examples[:fr]Quelques Exemples[:es]Ejemplos[:] - ADAM Research","isPartOf":{"@id":"https:\/\/www.adam-research.de\/#website"},"datePublished":"2016-11-21T17:25:03+00:00","dateModified":"2020-02-26T13:15:14+00:00","breadcrumb":{"@id":"https:\/\/www.adam-research.de\/software\/bilder\/#breadcrumb"},"inLanguage":"fr-FR","potentialAction":[{"@type":"ReadAction","target":["https:\/\/www.adam-research.de\/software\/bilder\/"]}]},{"@type":"BreadcrumbList","@id":"https:\/\/www.adam-research.de\/software\/bilder\/#breadcrumb","itemListElement":[{"@type":"ListItem","position":1,"name":"Startseite","item":"https:\/\/www.adam-research.de\/"},{"@type":"ListItem","position":2,"name":"TRM","item":"https:\/\/www.adam-research.de\/software\/"},{"@type":"ListItem","position":3,"name":"Examples"}]},{"@type":"WebSite","@id":"https:\/\/www.adam-research.de\/#website","url":"https:\/\/www.adam-research.de\/","name":"ADAM Research","description":"Thermal Risk Management in Electronics","potentialAction":[{"@type":"SearchAction","target":{"@type":"EntryPoint","urlTemplate":"https:\/\/www.adam-research.de\/?s={search_term_string}"},"query-input":"required name=search_term_string"}],"inLanguage":"fr-FR"}]}},"_links":{"self":[{"href":"https:\/\/www.adam-research.de\/fr\/wp-json\/wp\/v2\/pages\/45"}],"collection":[{"href":"https:\/\/www.adam-research.de\/fr\/wp-json\/wp\/v2\/pages"}],"about":[{"href":"https:\/\/www.adam-research.de\/fr\/wp-json\/wp\/v2\/types\/page"}],"author":[{"embeddable":true,"href":"https:\/\/www.adam-research.de\/fr\/wp-json\/wp\/v2\/users\/1"}],"replies":[{"embeddable":true,"href":"https:\/\/www.adam-research.de\/fr\/wp-json\/wp\/v2\/comments?post=45"}],"version-history":[{"count":58,"href":"https:\/\/www.adam-research.de\/fr\/wp-json\/wp\/v2\/pages\/45\/revisions"}],"predecessor-version":[{"id":1289,"href":"https:\/\/www.adam-research.de\/fr\/wp-json\/wp\/v2\/pages\/45\/revisions\/1289"}],"up":[{"embeddable":true,"href":"https:\/\/www.adam-research.de\/fr\/wp-json\/wp\/v2\/pages\/2"}],"wp:featuredmedia":[{"embeddable":true,"href":"https:\/\/www.adam-research.de\/fr\/wp-json\/wp\/v2\/media\/142"}],"wp:attachment":[{"href":"https:\/\/www.adam-research.de\/fr\/wp-json\/wp\/v2\/media?parent=45"}],"curies":[{"name":"wp","href":"https:\/\/api.w.org\/{rel}","templated":true}]}}