{"id":59,"date":"2016-11-21T18:32:14","date_gmt":"2016-11-21T17:32:14","guid":{"rendered":"http:\/\/wp.adam-research.de\/?page_id=59"},"modified":"2025-04-19T08:29:20","modified_gmt":"2025-04-19T06:29:20","slug":"impressum","status":"publish","type":"page","link":"https:\/\/www.adam-research.de\/fr\/impressum\/","title":{"rendered":"Empreinte"},"content":{"rendered":"<p>Ce site est un service de<\/p>\n<p>Dr. Johannes Adam<br \/>\n<em>ADAM Research - Berechnungen und Dienstleistungen<\/em><br \/>\nTheodor-Heuss-Str. 12<br \/>\nD-69181 Leimen<br \/>\nGermany<\/p>\n<p>Tel: ++49 (06224) 921107<br \/>\nMobil(D1): ++49 (0160) 94655569<\/p>\n<p>e-Mail: info at adam-research.de<br \/>\nUSt-IdNr. DE267661490<\/p>\n<div id=\"seite\">\n<div id=\"inhalt\">\n<div id=\"text\">\n<h2>Datenschutzerkl\u00e4rung<\/h2>\n<p>Die Nutzung unserer Seite ist ohne eine Angabe von personenbezogenen Daten m\u00f6glich. F\u00fcr die Nutzung einzelner Services unserer Seite k\u00f6nnen sich hierf\u00fcr abweichende Regelungen ergeben, die in diesem Falle nachstehend gesondert erl\u00e4utert werden. Ihre personenbezogenen Daten (z.B. Name, Anschrift, E-Mail, Telefonnummer, u.\u00e4.) werden von uns nur gem\u00e4\u00df den Bestimmungen des deutschen Datenschutzrechts verarbeitet. Daten sind dann personenbezogen, wenn sie eindeutig einer bestimmten nat\u00fcrlichen Person zugeordnet werden k\u00f6nnen. Die rechtlichen Grundlagen des Datenschutzes finden Sie im Bundesdatenschutzgesetz (BDSG) und dem Telemediengesetz (TMG). Nachstehende Regelungen informieren Sie insoweit \u00fcber die Art, den Umfang und Zweck der Erhebung, die Nutzung und die Verarbeitung von personenbezogenen Daten durch den Anbieter:<br \/>\nDr. Johannes Adam, Theodor-Heuss-Str. 12, 69181 Leimen, Deutschland<br \/>\n++49 6224 921107<br \/>\ninfo (at) adam-research (punkt) de<\/p>\n<p>Wir weisen darauf hin, dass die internetbasierte Daten\u00fcbertragung Sicherheitsl\u00fccken aufweist, ein l\u00fcckenloser Schutz vor Zugriffen durch Dritte somit unm\u00f6glich ist.<\/p>\n<p>Ausserdem verweisen wir auf die\u00a0<a href=\"https:\/\/kontent.com\/information\/datapolicy\/\" target=\"_blank\" rel=\"noopener noreferrer\">Datenschutzvereinbarung<\/a>\u00a0unseres\u00a0web hosts, der Kontent GmbH, Duisburg, Deutschland.<\/p>\n<h2>Rechte der betroffenen Person<\/h2>\n<p>Wir m\u00f6chten Sie gem\u00e4\u00df (Art. 13 EU-DSGVO) \u00fcber Ihre Rechte als betroffene Personen informieren (Details in Art. 15-22 EU-DSGVO):<br \/>\n- Auskunftsrecht der betroffenen Person (Art. 15 EU-DSGVO)<br \/>\n- Recht auf Berichtigung (Art. 16 EU-DSGVO)<br \/>\n- Recht auf L\u00f6schung (Art. 17 EU-DSGVO)<br \/>\n- Recht auf Einschr\u00e4nkung der Verarbeitung (Art. 18 EU-DSGVO)<br \/>\n- Recht auf Daten\u00fcbertragbarkeit (Art. 20 EU-DSGVO)<br \/>\n- Widerspruchsrecht (Art. 21 EU-DSGVO)<\/p>\n<h2>Rechtm\u00e4\u00dfigkeit der Verarbeitung<\/h2>\n<p>Wir halten uns bei der Verarbeitung Ihrer Daten an die EU-DSGVO und an alle weiteren datenschutzrechtlichen Bestimmungen. Die Rechtsgrundlagen ergeben sich aus Art. 6 EU-DSGVO.<br \/>\nWir nutzen Ihre Daten, die Sie uns \u00fcber unsere Homepage oder per E-Mail mitteilen (z.B. Name, Adresse oder E-Mail), insbesondere um Vertr\u00e4ge oder vorvertragliche Pflichten zu erf\u00fcllen, mit Ihnen in einer Kundenbeziehung zu stehen oder Ihnen Dienstleistungen und Produkte anzubieten.<\/p>\n<h2>Sicherheit der Verarbeitung (Art. 32 EU-DSGVO)<\/h2>\n<p>Wir weisen darauf hin, dass die internetbasierte Daten\u00fcbertragung Sicherheitsl\u00fccken aufweist, ein l\u00fcckenloser Schutz vor Zugriffen durch Dritte somit unm\u00f6glich ist. Unter Ber\u00fccksichtigung des Stands der Technik, der Implementierungskosten und der Art, des Umfangs, der Umst\u00e4nde und der Zwecke der Verarbeitung sowie der unterschiedlichen Eintrittswahrscheinlichkeit und Schwere des Risikos f\u00fcr die Rechte und Freiheiten nat\u00fcrlicher Personen treffen wir geeignete technische und organisatorische Ma\u00dfnahmen (z.B. https-Verschl\u00fcsslung), um ein dem Risiko angemessenes Schutzniveau zu gew\u00e4hrleisten.<\/p>\n<h2>Datenweitergabe<\/h2>\n<p>Wir versichern, dass wir Ihre personenbezogenen Daten nur im Rahmen gesetzlicher Bestimmungen nutzen oder an Dritte (bspw. Partner, die die Website bereitstellen) weitergeben. Eine Weitergabe erfolgt ansonsten nur, wenn wir dazu gesetzlich verpflichtet sind oder Sie uns vorher Ihre Zustimmung gegeben haben. Erfolgt eine Verarbeitung im Auftrag (\u201eAuftragsdatenverarbeitung\u201c) wird der Art. 28 EU-DSGVO angewendet.<\/p>\n<h2>Datenspeicherung-\/l\u00f6schung (Art. 17 EU-DSGVO)<\/h2>\n<p>Soweit nicht anders von Ihnen ausdr\u00fccklich eingefordert, speichern wir die von Ihnen \u00fcberlassenen Daten, um in Kontakt mit Ihnen zu treten, d.h. auf Kontaktanfragen oder E-Mails zu antworten.<br \/>\nDie Daten werden nur so lange gespeichert, um Ihre Anfrage bearbeiten zu k\u00f6nnen, sofern dem nicht gesetzliche Regelungen entgegenstehen (Aufbewahrungspflichten). Nach dem Ablauf dieser Fristen werden Ihre Daten gel\u00f6scht.<\/p>\n<h2>Zwecke der Datenverarbeitung<\/h2>\n<p>Die Grundlage f\u00fcr die Datenverarbeitung ergibt sich aus Art. 6 EU-DSGVO. Zweck der Datenspeicherung ist die Bearbeitung Ihrer Kontaktaufnahme und Erf\u00fcllung von Vertr\u00e4gen und gesetzlichen Pflichten.<\/p>\n<h2>Zugriffsdaten<\/h2>\n<p>Aus technischen Gr\u00fcnden und auf Grundlage des berechtigten Interesses (Art. 6 (1) f. EU-DSGVO) werden u.a. folgende Daten, die Ihr Internet-Browser an uns bzw. an unseren Webhoster \u00fcbermittelt, erfasst und gespeichert:<br \/>\n- Browsertyp\/-version<br \/>\n- Betriebssystem<br \/>\n- Webseite, von der Sie kommen (Referrer URL)<br \/>\n- Webseite, die Sie besuchen<br \/>\n- Datum und Uhrzeit<br \/>\n- Ihre Internet Protokoll (IP)-Adresse.<\/p>\n<p>Diese Daten werden getrennt von Ihren eventuell angegebenen personenbezogenen Daten gespeichert und lassen so keine R\u00fcckschl\u00fcsse auf eine bestimmte Person zu. Sie werden zu statistischen Zwecken ausgewertet, um unseren Internetauftritt und unsere Angebote optimieren zu k\u00f6nnen.<\/p>\n<h2>Kontaktm\u00f6glichkeit mit Registrierungsfunktion<\/h2>\n<p>Auf unserer Seite gibt es die M\u00f6glichkeit, mit uns per E-Mail oder \u00fcber ein Kontaktformular in Verbindung zu treten. In diesem Fall werden Ihre Angaben (z.B. Name, Adresse, E-Mail, Nachrichtentext) zum Zwecke der Bearbeitung Ihrer Kontaktaufnahme gespeichert. Eine Weitergabe an Dritte erfolgt nicht. Ein Abgleich der so erhobenen Daten mit Daten, die m\u00f6glicherweise durch andere Komponenten unserer Seite erhoben werden, erfolgt ebenfalls nicht. (Rechtm\u00e4\u00dfigkeit der Verarbeitung siehe Art. 6 EU-DSGVO (1) b)<\/p>\n<h2>Auskunft\/Widerruf\/Widerspruch\/L\u00f6schung<\/h2>\n<p>Sie k\u00f6nnen sich auf Basis der EU-DSGVO bei Fragen zur Erhebung, Verarbeitung oder Nutzung Ihrer personenbezogenen Daten und deren Berichtigung, Sperrung, L\u00f6schung oder einem Widerruf (Art. 7 (3) EU-DSGVO) einer erteilten Einwilligung unentgeltlich an uns wenden. Nach Art. 21 EU-DSGVO haben Sie auch das Recht der Verarbeitung personenbezogener Daten zu widersprechen. Sie haben auch ein Recht auf Berichtigung falscher Daten oder L\u00f6schung personenbezogener Daten, wenn dem keine gesetzliche Aufbewahrungspflicht entgegensteht.<\/p>\n<\/div>\n<\/div>\n<\/div>\n<div id=\"datenschutzhinweise_html_text_output_div\" class=\"datenschutzhinweise_html_text_output html_text_output\">\n<h2>Einsatz von Google-Adwords<\/h2>\n<p>Wir setzen zur Bewerbung unserer Website ferner das Google Werbetool \"Google-Adwords\" ein. Im Rahmen dessen verwenden wir auf unserer Website den Analysedienst \"Conversion-Tracking\" der Firma Google Inc., 1600 Amphitheatre Parkway, Mountain View, CA 94043 USA, nachfolgend \u201eGoogle\u201c. Sofern Sie \u00fcber eine Google-Anzeige auf unsere Webseite gelangt sind, wird ein Cookie auf Ihrem Rechner abgelegt. Cookies sind kleine Textdateien, die Ihr Internet-Browser auf Ihrem Rechner ablegt und speichert. Diese sog. \"Conversion- Cookies\" verlieren nach 30 Tagen ihre G\u00fcltigkeit und dienen nicht Ihrer pers\u00f6nlichen Identifikation. Besuchen Sie bestimmte Seiten unserer Website und das Cookie ist noch nicht abgelaufen, k\u00f6nnen wir und Google erkennen, dass Sie als Nutzer auf eine unserer bei Google platzierten Anzeigen geklickt haben und zu unserer Seite weitergeleitet wurden.<\/p>\n<p>Die mit Hilfe der \"Conversion-Cookies\" eingeholten Informationen dienen Google dazu, Besuchs-Statistiken f\u00fcr unsere Website zu erstellen. Wir erfahren durch diese Statistik die Gesamtanzahl der Nutzer, die auf unsere Anzeige geklickt haben und zudem welche Seiten unserer Website vom jeweiligen Nutzer im Anschluss aufgerufen wurden. Wir bzw. andere \u00fcber \"Google-Adwords\" Werbende erhalten jedoch keinerlei Informationen, mit denen sich Nutzer pers\u00f6nlich identifizieren lassen. Wir nutzen\u00a0prinzipiell nicht die Information welche Seiten unserer Website vom jeweiligen Nutzer im Anschluss aufgerufen wurden.<\/p>\n<p>Sie k\u00f6nnen die Installation der \"Conversion-Cookies\" durch eine entsprechende Einstellung Ihres Browsers verhindern, etwa per Browser-Einstellung, die das automatische Setzen von Cookies generell deaktiviert oder speziell nur die Cookies von der Domain \"googleadservices.com\u201c blockiert.<\/p>\n<p>Die diesbez\u00fcgliche Datenschutzerkl\u00e4rung von Google erhalten Sie unter nachfolgendem Link: <a href=\"https:\/\/services.google.com\/sitestats\/de.html\" target=\"_blank\" rel=\"nofollow noopener noreferrer\">https:\/\/services.google.com\/sitestats\/de.html<\/a><\/p>\n<h2>Haftung<\/h2>\n<p>Alle Angaben und Informationen auf den Internetseiten von ADAM Research werden st\u00e4ndig aktualisiert und gepr\u00fcft. Trotz aller Sorgfalt k\u00f6nnen sich die Daten inzwischen ver\u00e4ndert haben. F\u00fcr Richtigkeit, Vollst\u00e4ndigkeit und Aktualit\u00e4t kann daher keine Gew\u00e4hr \u00fcbernommen werden.<\/p>\n<p>F\u00fcr diese\u00a0Erkl\u00e4rung wurden Teile aus der\u00a0<a href=\"https:\/\/www.ratgeberrecht.eu\/leistungen\/muster-datenschutzerklaerung.html\" target=\"_blank\" rel=\"noopener noreferrer\">Muster-Datenschutzerkl\u00e4rung<\/a> der <a href=\"https:\/\/www.ratgeberrecht.eu\/\" target=\"_blank\" rel=\"noopener noreferrer\">Anwaltskanzlei Wei\u00df &amp; Partner<\/a> verwendet.<\/p>\n<\/div>\n<p>\u00a9 2009-2025 Dr. Johannes Adam<\/p>","protected":false},"excerpt":{"rendered":"<p>Ce site est un service de Dr. Johannes Adam ADAM Research - Berechnungen und Dienstleistungen Theodor-Heuss-Str. 12 D-69181 Leimen Germany Tel: ++49 (06224) 921107 Mobil(D1): ++49 (0160) 94655569 e-Mail: info at adam-research.de USt-IdNr. DE267661490 Datenschutzerkl\u00e4rung Die Nutzung unserer Seite ist ohne eine Angabe von personenbezogenen Daten m\u00f6glich. F\u00fcr die Nutzung einzelner Services unserer Seite k\u00f6nnen <a href=\"https:\/\/www.adam-research.de\/fr\/impressum\/\" class=\"more-link\">...continue reading<span class=\"screen-reader-text\"> \"Empreinte\"<\/span><\/a><\/p>\n","protected":false},"author":1,"featured_media":0,"parent":0,"menu_order":7,"comment_status":"closed","ping_status":"closed","template":"","meta":[],"yoast_head":"<!-- This site is optimized with the Yoast SEO plugin v20.1 - https:\/\/yoast.com\/wordpress\/plugins\/seo\/ -->\n<title>Empreinte - ADAM Research<\/title>\n<meta name=\"robots\" content=\"index, follow, max-snippet:-1, max-image-preview:large, max-video-preview:-1\" \/>\n<link rel=\"canonical\" href=\"https:\/\/www.adam-research.de\/impressum\/\" \/>\n<meta property=\"og:locale\" content=\"fr_FR\" \/>\n<meta property=\"og:type\" content=\"article\" \/>\n<meta property=\"og:title\" content=\"[:de]Impressum[:en]Impressum[:fr]Empreinte[:es]Informaci\u00f3n Legal[:] - ADAM Research\" \/>\n<meta property=\"og:description\" content=\"Ce site est un service de Dr. Johannes Adam ADAM Research - Berechnungen und Dienstleistungen Theodor-Heuss-Str. 12 D-69181 Leimen Germany Tel: ++49 (06224) 921107 Mobil(D1): ++49 (0160) 94655569 e-Mail: info at adam-research.de USt-IdNr. DE267661490 Datenschutzerkl\u00e4rung Die Nutzung unserer Seite ist ohne eine Angabe von personenbezogenen Daten m\u00f6glich. F\u00fcr die Nutzung einzelner Services unserer Seite k\u00f6nnen ...continue reading &quot;Empreinte&quot;\" \/>\n<meta property=\"og:url\" content=\"https:\/\/www.adam-research.de\/impressum\/\" \/>\n<meta property=\"og:site_name\" content=\"ADAM Research\" \/>\n<meta property=\"article:modified_time\" content=\"2025-04-19T06:29:20+00:00\" \/>\n<meta name=\"twitter:card\" content=\"summary_large_image\" \/>\n<meta name=\"twitter:label1\" content=\"Dur\u00e9e de lecture estim\u00e9e\" \/>\n\t<meta name=\"twitter:data1\" content=\"7 minutes\" \/>\n<script type=\"application\/ld+json\" class=\"yoast-schema-graph\">{\"@context\":\"https:\/\/schema.org\",\"@graph\":[{\"@type\":\"WebPage\",\"@id\":\"https:\/\/www.adam-research.de\/impressum\/\",\"url\":\"https:\/\/www.adam-research.de\/impressum\/\",\"name\":\"[:de]Impressum[:en]Impressum[:fr]Empreinte[:es]Informaci\u00f3n Legal[:] - ADAM Research\",\"isPartOf\":{\"@id\":\"https:\/\/www.adam-research.de\/#website\"},\"datePublished\":\"2016-11-21T17:32:14+00:00\",\"dateModified\":\"2025-04-19T06:29:20+00:00\",\"breadcrumb\":{\"@id\":\"https:\/\/www.adam-research.de\/impressum\/#breadcrumb\"},\"inLanguage\":\"fr-FR\",\"potentialAction\":[{\"@type\":\"ReadAction\",\"target\":[\"https:\/\/www.adam-research.de\/impressum\/\"]}]},{\"@type\":\"BreadcrumbList\",\"@id\":\"https:\/\/www.adam-research.de\/impressum\/#breadcrumb\",\"itemListElement\":[{\"@type\":\"ListItem\",\"position\":1,\"name\":\"Startseite\",\"item\":\"https:\/\/www.adam-research.de\/\"},{\"@type\":\"ListItem\",\"position\":2,\"name\":\"Impressum\"}]},{\"@type\":\"WebSite\",\"@id\":\"https:\/\/www.adam-research.de\/#website\",\"url\":\"https:\/\/www.adam-research.de\/\",\"name\":\"ADAM Research\",\"description\":\"Thermal Risk Management in Electronics\",\"potentialAction\":[{\"@type\":\"SearchAction\",\"target\":{\"@type\":\"EntryPoint\",\"urlTemplate\":\"https:\/\/www.adam-research.de\/?s={search_term_string}\"},\"query-input\":\"required name=search_term_string\"}],\"inLanguage\":\"fr-FR\"}]}<\/script>\n<!-- \/ Yoast SEO plugin. -->","yoast_head_json":{"title":"[:de]Impressum[:en]Impressum[:fr]Empreinte[:es]Informaci\u00f3n Legal[:] - ADAM Research","robots":{"index":"index","follow":"follow","max-snippet":"max-snippet:-1","max-image-preview":"max-image-preview:large","max-video-preview":"max-video-preview:-1"},"canonical":"https:\/\/www.adam-research.de\/impressum\/","og_locale":"fr_FR","og_type":"article","og_title":"[:de]Impressum[:en]Impressum[:fr]Empreinte[:es]Informaci\u00f3n Legal[:] - ADAM Research","og_description":"Ce site est un service de Dr. Johannes Adam ADAM Research - Berechnungen und Dienstleistungen Theodor-Heuss-Str. 12 D-69181 Leimen Germany Tel: ++49 (06224) 921107 Mobil(D1): ++49 (0160) 94655569 e-Mail: info at adam-research.de USt-IdNr. DE267661490 Datenschutzerkl\u00e4rung Die Nutzung unserer Seite ist ohne eine Angabe von personenbezogenen Daten m\u00f6glich. F\u00fcr die Nutzung einzelner Services unserer Seite k\u00f6nnen ...continue reading \"Empreinte\"","og_url":"https:\/\/www.adam-research.de\/impressum\/","og_site_name":"ADAM Research","article_modified_time":"2025-04-19T06:29:20+00:00","twitter_card":"summary_large_image","twitter_misc":{"Dur\u00e9e de lecture estim\u00e9e":"7 minutes"},"schema":{"@context":"https:\/\/schema.org","@graph":[{"@type":"WebPage","@id":"https:\/\/www.adam-research.de\/impressum\/","url":"https:\/\/www.adam-research.de\/impressum\/","name":"[:de]Impressum[:en]Impressum[:fr]Empreinte[:es]Informaci\u00f3n Legal[:] - ADAM Research","isPartOf":{"@id":"https:\/\/www.adam-research.de\/#website"},"datePublished":"2016-11-21T17:32:14+00:00","dateModified":"2025-04-19T06:29:20+00:00","breadcrumb":{"@id":"https:\/\/www.adam-research.de\/impressum\/#breadcrumb"},"inLanguage":"fr-FR","potentialAction":[{"@type":"ReadAction","target":["https:\/\/www.adam-research.de\/impressum\/"]}]},{"@type":"BreadcrumbList","@id":"https:\/\/www.adam-research.de\/impressum\/#breadcrumb","itemListElement":[{"@type":"ListItem","position":1,"name":"Startseite","item":"https:\/\/www.adam-research.de\/"},{"@type":"ListItem","position":2,"name":"Impressum"}]},{"@type":"WebSite","@id":"https:\/\/www.adam-research.de\/#website","url":"https:\/\/www.adam-research.de\/","name":"ADAM Research","description":"Thermal Risk Management in Electronics","potentialAction":[{"@type":"SearchAction","target":{"@type":"EntryPoint","urlTemplate":"https:\/\/www.adam-research.de\/?s={search_term_string}"},"query-input":"required name=search_term_string"}],"inLanguage":"fr-FR"}]}},"_links":{"self":[{"href":"https:\/\/www.adam-research.de\/fr\/wp-json\/wp\/v2\/pages\/59"}],"collection":[{"href":"https:\/\/www.adam-research.de\/fr\/wp-json\/wp\/v2\/pages"}],"about":[{"href":"https:\/\/www.adam-research.de\/fr\/wp-json\/wp\/v2\/types\/page"}],"author":[{"embeddable":true,"href":"https:\/\/www.adam-research.de\/fr\/wp-json\/wp\/v2\/users\/1"}],"replies":[{"embeddable":true,"href":"https:\/\/www.adam-research.de\/fr\/wp-json\/wp\/v2\/comments?post=59"}],"version-history":[{"count":39,"href":"https:\/\/www.adam-research.de\/fr\/wp-json\/wp\/v2\/pages\/59\/revisions"}],"predecessor-version":[{"id":2144,"href":"https:\/\/www.adam-research.de\/fr\/wp-json\/wp\/v2\/pages\/59\/revisions\/2144"}],"wp:attachment":[{"href":"https:\/\/www.adam-research.de\/fr\/wp-json\/wp\/v2\/media?parent=59"}],"curies":[{"name":"wp","href":"https:\/\/api.w.org\/{rel}","templated":true}]}}